{"id":4029,"date":"2026-02-01T14:58:27","date_gmt":"2026-02-01T14:58:27","guid":{"rendered":"https:\/\/casaagustininstrumentos.com\/?post_type=product&#038;p=4029"},"modified":"2026-03-02T23:15:20","modified_gmt":"2026-03-02T23:15:20","slug":"esp-ltd-bajo-electrico-b15-blks-black-satin-5-cuerdas","status":"publish","type":"product","link":"https:\/\/casaagustininstrumentos.com\/index.php\/producto\/esp-ltd-bajo-electrico-b15-blks-black-satin-5-cuerdas\/","title":{"rendered":"ESP-LTD &#8211; Bajo El\u00e9ctrico &#8211; B15 BLKS BLACK SATIN 5 Cuerdas"},"content":{"rendered":"<h6 class=\"font-14\"><em>Descripci\u00f3n:<\/em><\/h6>\n<p>&nbsp;<\/p>\n<p><em>CONSTRUCCI\u00d3N: Bolt-On ESCALA: 34&#8243; CUERPO: Basewood MANGO: Maple DIAPAS\u00d3N: Hardwood RADIO DEL DIAPAS\u00d3N: 400 mm COLOR: Negro Satinado ANCHO DE CEJILLA: 43 mm CONTORNO DEL MANGO: U Delgada TRASTES\/TIPO: 24 XJ COLOR DEL HARDWARE: Cromo BOT\u00d3N DE CORREA: Est\u00e1ndar CLAVIJERO: LTD PUENTE: LTD DB-5 MICROFONO DE MANGPO: ESP PDL MICROFONO DE PUENTE: ESP LDJ ELECTR\u00d3NICA: Pasivo DISPOSICI\u00d3N DE LA ELECTR\u00d3NICA: Volumen\/Volumen\/Aumento de tono activo ATB-1 ENCORDADO: (.045\/.065\/.085\/.105\/.125)<\/em><\/p>\n","protected":false},"excerpt":{"rendered":"<p>Descripci\u00f3n: &nbsp; CONSTRUCCI\u00d3N: Bolt-On ESCALA: 34&#8243; CUERPO: Basewood MANGO: Maple DIAPAS\u00d3N: Hardwood RADIO DEL DIAPAS\u00d3N: 400 mm COLOR: Negro Satinado ANCHO DE CEJILLA: 43 mm CONTORNO DEL MANGO: U Delgada TRASTES\/TIPO: 24 XJ COLOR DEL HARDWARE: Cromo BOT\u00d3N DE CORREA: Est\u00e1ndar CLAVIJERO: LTD PUENTE: LTD DB-5 MICROFONO DE MANGPO: ESP PDL MICROFONO DE PUENTE: ESP [&hellip;]<\/p>\n","protected":false},"featured_media":4030,"comment_status":"open","ping_status":"closed","template":"","meta":{"site-sidebar-layout":"default","site-content-layout":"","ast-site-content-layout":"default","site-content-style":"default","site-sidebar-style":"default","ast-global-header-display":"","ast-banner-title-visibility":"","ast-main-header-display":"","ast-hfb-above-header-display":"","ast-hfb-below-header-display":"","ast-hfb-mobile-header-display":"","site-post-title":"","ast-breadcrumbs-content":"","ast-featured-img":"","footer-sml-layout":"","ast-disable-related-posts":"","theme-transparent-header-meta":"default","adv-header-id-meta":"","stick-header-meta":"","header-above-stick-meta":"","header-main-stick-meta":"","header-below-stick-meta":"","astra-migrate-meta-layouts":"set","ast-page-background-enabled":"default","ast-page-background-meta":{"desktop":{"background-color":"var(--ast-global-color-4)","background-image":"","background-repeat":"repeat","background-position":"center center","background-size":"auto","background-attachment":"scroll","background-type":"","background-media":"","overlay-type":"","overlay-color":"","overlay-opacity":"","overlay-gradient":""},"tablet":{"background-color":"","background-image":"","background-repeat":"repeat","background-position":"center center","background-size":"auto","background-attachment":"scroll","background-type":"","background-media":"","overlay-type":"","overlay-color":"","overlay-opacity":"","overlay-gradient":""},"mobile":{"background-color":"","background-image":"","background-repeat":"repeat","background-position":"center center","background-size":"auto","background-attachment":"scroll","background-type":"","background-media":"","overlay-type":"","overlay-color":"","overlay-opacity":"","overlay-gradient":""}},"ast-content-background-meta":{"desktop":{"background-color":"var(--ast-global-color-5)","background-image":"","background-repeat":"repeat","background-position":"center center","background-size":"auto","background-attachment":"scroll","background-type":"","background-media":"","overlay-type":"","overlay-color":"","overlay-opacity":"","overlay-gradient":""},"tablet":{"background-color":"var(--ast-global-color-5)","background-image":"","background-repeat":"repeat","background-position":"center center","background-size":"auto","background-attachment":"scroll","background-type":"","background-media":"","overlay-type":"","overlay-color":"","overlay-opacity":"","overlay-gradient":""},"mobile":{"background-color":"var(--ast-global-color-5)","background-image":"","background-repeat":"repeat","background-position":"center center","background-size":"auto","background-attachment":"scroll","background-type":"","background-media":"","overlay-type":"","overlay-color":"","overlay-opacity":"","overlay-gradient":""}},"_joinchat":[]},"pwb-brand":[242],"product_brand":[],"product_cat":[163],"product_tag":[],"class_list":{"0":"post-4029","1":"product","2":"type-product","3":"status-publish","4":"has-post-thumbnail","6":"pwb-brand-ltd","7":"product_cat-bajos-electricos","8":"desktop-align-left","9":"tablet-align-left","10":"mobile-align-left","12":"first","13":"instock","14":"taxable","15":"shipping-taxable","16":"product-type-simple"},"yoast_head":"<!-- This site is optimized with the Yoast SEO plugin v27.3 - https:\/\/yoast.com\/product\/yoast-seo-wordpress\/ -->\n<title>ESP-LTD - Bajo El\u00e9ctrico - B15 BLKS BLACK SATIN 5 Cuerdas - Casa Agustin Instrumentos Musicales<\/title>\n<meta name=\"robots\" content=\"index, follow, max-snippet:-1, max-image-preview:large, max-video-preview:-1\" \/>\n<link rel=\"canonical\" href=\"https:\/\/casaagustininstrumentos.com\/index.php\/producto\/esp-ltd-bajo-electrico-b15-blks-black-satin-5-cuerdas\/\" \/>\n<meta property=\"og:locale\" content=\"es_ES\" \/>\n<meta property=\"og:type\" content=\"article\" \/>\n<meta property=\"og:title\" content=\"ESP-LTD - Bajo El\u00e9ctrico - B15 BLKS BLACK SATIN 5 Cuerdas - Casa Agustin Instrumentos Musicales\" \/>\n<meta property=\"og:description\" content=\"Descripci\u00f3n: &nbsp; CONSTRUCCI\u00d3N: Bolt-On ESCALA: 34&#8243; CUERPO: Basewood MANGO: Maple DIAPAS\u00d3N: Hardwood RADIO DEL DIAPAS\u00d3N: 400 mm COLOR: Negro Satinado ANCHO DE CEJILLA: 43 mm CONTORNO DEL MANGO: U Delgada TRASTES\/TIPO: 24 XJ COLOR DEL HARDWARE: Cromo BOT\u00d3N DE CORREA: Est\u00e1ndar CLAVIJERO: LTD PUENTE: LTD DB-5 MICROFONO DE MANGPO: ESP PDL MICROFONO DE PUENTE: ESP [&hellip;]\" \/>\n<meta property=\"og:url\" content=\"https:\/\/casaagustininstrumentos.com\/index.php\/producto\/esp-ltd-bajo-electrico-b15-blks-black-satin-5-cuerdas\/\" \/>\n<meta property=\"og:site_name\" content=\"Casa Agustin Instrumentos Musicales\" \/>\n<meta property=\"article:modified_time\" content=\"2026-03-02T23:15:20+00:00\" \/>\n<meta property=\"og:image\" content=\"https:\/\/casaagustininstrumentos.com\/wp-content\/uploads\/2026\/02\/ESP-LTD-B15-BLKS-BLACK-SATIN.jpg\" \/>\n\t<meta property=\"og:image:width\" content=\"600\" \/>\n\t<meta property=\"og:image:height\" content=\"600\" \/>\n\t<meta property=\"og:image:type\" content=\"image\/jpeg\" \/>\n<meta name=\"twitter:card\" content=\"summary_large_image\" \/>\n<meta name=\"twitter:label1\" content=\"Tiempo de lectura\" \/>\n\t<meta name=\"twitter:data1\" content=\"1 minuto\" \/>\n<script type=\"application\/ld+json\" class=\"yoast-schema-graph\">{\"@context\":\"https:\\\/\\\/schema.org\",\"@graph\":[{\"@type\":\"WebPage\",\"@id\":\"https:\\\/\\\/casaagustininstrumentos.com\\\/index.php\\\/producto\\\/esp-ltd-bajo-electrico-b15-blks-black-satin-5-cuerdas\\\/\",\"url\":\"https:\\\/\\\/casaagustininstrumentos.com\\\/index.php\\\/producto\\\/esp-ltd-bajo-electrico-b15-blks-black-satin-5-cuerdas\\\/\",\"name\":\"ESP-LTD - Bajo El\u00e9ctrico - B15 BLKS BLACK SATIN 5 Cuerdas - Casa Agustin Instrumentos Musicales\",\"isPartOf\":{\"@id\":\"https:\\\/\\\/casaagustininstrumentos.com\\\/#website\"},\"primaryImageOfPage\":{\"@id\":\"https:\\\/\\\/casaagustininstrumentos.com\\\/index.php\\\/producto\\\/esp-ltd-bajo-electrico-b15-blks-black-satin-5-cuerdas\\\/#primaryimage\"},\"image\":{\"@id\":\"https:\\\/\\\/casaagustininstrumentos.com\\\/index.php\\\/producto\\\/esp-ltd-bajo-electrico-b15-blks-black-satin-5-cuerdas\\\/#primaryimage\"},\"thumbnailUrl\":\"https:\\\/\\\/casaagustininstrumentos.com\\\/wp-content\\\/uploads\\\/2026\\\/02\\\/ESP-LTD-B15-BLKS-BLACK-SATIN.jpg\",\"datePublished\":\"2026-02-01T14:58:27+00:00\",\"dateModified\":\"2026-03-02T23:15:20+00:00\",\"breadcrumb\":{\"@id\":\"https:\\\/\\\/casaagustininstrumentos.com\\\/index.php\\\/producto\\\/esp-ltd-bajo-electrico-b15-blks-black-satin-5-cuerdas\\\/#breadcrumb\"},\"inLanguage\":\"es\",\"potentialAction\":[{\"@type\":\"ReadAction\",\"target\":[\"https:\\\/\\\/casaagustininstrumentos.com\\\/index.php\\\/producto\\\/esp-ltd-bajo-electrico-b15-blks-black-satin-5-cuerdas\\\/\"]}]},{\"@type\":\"ImageObject\",\"inLanguage\":\"es\",\"@id\":\"https:\\\/\\\/casaagustininstrumentos.com\\\/index.php\\\/producto\\\/esp-ltd-bajo-electrico-b15-blks-black-satin-5-cuerdas\\\/#primaryimage\",\"url\":\"https:\\\/\\\/casaagustininstrumentos.com\\\/wp-content\\\/uploads\\\/2026\\\/02\\\/ESP-LTD-B15-BLKS-BLACK-SATIN.jpg\",\"contentUrl\":\"https:\\\/\\\/casaagustininstrumentos.com\\\/wp-content\\\/uploads\\\/2026\\\/02\\\/ESP-LTD-B15-BLKS-BLACK-SATIN.jpg\",\"width\":600,\"height\":600},{\"@type\":\"BreadcrumbList\",\"@id\":\"https:\\\/\\\/casaagustininstrumentos.com\\\/index.php\\\/producto\\\/esp-ltd-bajo-electrico-b15-blks-black-satin-5-cuerdas\\\/#breadcrumb\",\"itemListElement\":[{\"@type\":\"ListItem\",\"position\":1,\"name\":\"Portada\",\"item\":\"https:\\\/\\\/casaagustininstrumentos.com\\\/\"},{\"@type\":\"ListItem\",\"position\":2,\"name\":\"Tienda\",\"item\":\"https:\\\/\\\/casaagustininstrumentos.com\\\/index.php\\\/tienda\\\/\"},{\"@type\":\"ListItem\",\"position\":3,\"name\":\"ESP-LTD &#8211; Bajo El\u00e9ctrico &#8211; B15 BLKS BLACK SATIN 5 Cuerdas\"}]},{\"@type\":\"WebSite\",\"@id\":\"https:\\\/\\\/casaagustininstrumentos.com\\\/#website\",\"url\":\"https:\\\/\\\/casaagustininstrumentos.com\\\/\",\"name\":\"Casa Agustin Instrumentos Musicales\",\"description\":\"Intrumentos musicales, accesorios y audio.\",\"publisher\":{\"@id\":\"https:\\\/\\\/casaagustininstrumentos.com\\\/#organization\"},\"potentialAction\":[{\"@type\":\"SearchAction\",\"target\":{\"@type\":\"EntryPoint\",\"urlTemplate\":\"https:\\\/\\\/casaagustininstrumentos.com\\\/?s={search_term_string}\"},\"query-input\":{\"@type\":\"PropertyValueSpecification\",\"valueRequired\":true,\"valueName\":\"search_term_string\"}}],\"inLanguage\":\"es\"},{\"@type\":\"Organization\",\"@id\":\"https:\\\/\\\/casaagustininstrumentos.com\\\/#organization\",\"name\":\"Casa Agustin Instrumentos Musicales\",\"url\":\"https:\\\/\\\/casaagustininstrumentos.com\\\/\",\"logo\":{\"@type\":\"ImageObject\",\"inLanguage\":\"es\",\"@id\":\"https:\\\/\\\/casaagustininstrumentos.com\\\/#\\\/schema\\\/logo\\\/image\\\/\",\"url\":\"https:\\\/\\\/casaagustininstrumentos.com\\\/wp-content\\\/uploads\\\/2023\\\/07\\\/Casa-Agustin-Instrumentos-mus.png\",\"contentUrl\":\"https:\\\/\\\/casaagustininstrumentos.com\\\/wp-content\\\/uploads\\\/2023\\\/07\\\/Casa-Agustin-Instrumentos-mus.png\",\"width\":700,\"height\":270,\"caption\":\"Casa Agustin Instrumentos Musicales\"},\"image\":{\"@id\":\"https:\\\/\\\/casaagustininstrumentos.com\\\/#\\\/schema\\\/logo\\\/image\\\/\"}}]}<\/script>\n<!-- \/ Yoast SEO plugin. -->","yoast_head_json":{"title":"ESP-LTD - Bajo El\u00e9ctrico - B15 BLKS BLACK SATIN 5 Cuerdas - Casa Agustin Instrumentos Musicales","robots":{"index":"index","follow":"follow","max-snippet":"max-snippet:-1","max-image-preview":"max-image-preview:large","max-video-preview":"max-video-preview:-1"},"canonical":"https:\/\/casaagustininstrumentos.com\/index.php\/producto\/esp-ltd-bajo-electrico-b15-blks-black-satin-5-cuerdas\/","og_locale":"es_ES","og_type":"article","og_title":"ESP-LTD - Bajo El\u00e9ctrico - B15 BLKS BLACK SATIN 5 Cuerdas - Casa Agustin Instrumentos Musicales","og_description":"Descripci\u00f3n: &nbsp; CONSTRUCCI\u00d3N: Bolt-On ESCALA: 34&#8243; CUERPO: Basewood MANGO: Maple DIAPAS\u00d3N: Hardwood RADIO DEL DIAPAS\u00d3N: 400 mm COLOR: Negro Satinado ANCHO DE CEJILLA: 43 mm CONTORNO DEL MANGO: U Delgada TRASTES\/TIPO: 24 XJ COLOR DEL HARDWARE: Cromo BOT\u00d3N DE CORREA: Est\u00e1ndar CLAVIJERO: LTD PUENTE: LTD DB-5 MICROFONO DE MANGPO: ESP PDL MICROFONO DE PUENTE: ESP [&hellip;]","og_url":"https:\/\/casaagustininstrumentos.com\/index.php\/producto\/esp-ltd-bajo-electrico-b15-blks-black-satin-5-cuerdas\/","og_site_name":"Casa Agustin Instrumentos Musicales","article_modified_time":"2026-03-02T23:15:20+00:00","og_image":[{"width":600,"height":600,"url":"https:\/\/casaagustininstrumentos.com\/wp-content\/uploads\/2026\/02\/ESP-LTD-B15-BLKS-BLACK-SATIN.jpg","type":"image\/jpeg"}],"twitter_card":"summary_large_image","twitter_misc":{"Tiempo de lectura":"1 minuto"},"schema":{"@context":"https:\/\/schema.org","@graph":[{"@type":"WebPage","@id":"https:\/\/casaagustininstrumentos.com\/index.php\/producto\/esp-ltd-bajo-electrico-b15-blks-black-satin-5-cuerdas\/","url":"https:\/\/casaagustininstrumentos.com\/index.php\/producto\/esp-ltd-bajo-electrico-b15-blks-black-satin-5-cuerdas\/","name":"ESP-LTD - Bajo El\u00e9ctrico - B15 BLKS BLACK SATIN 5 Cuerdas - Casa Agustin Instrumentos Musicales","isPartOf":{"@id":"https:\/\/casaagustininstrumentos.com\/#website"},"primaryImageOfPage":{"@id":"https:\/\/casaagustininstrumentos.com\/index.php\/producto\/esp-ltd-bajo-electrico-b15-blks-black-satin-5-cuerdas\/#primaryimage"},"image":{"@id":"https:\/\/casaagustininstrumentos.com\/index.php\/producto\/esp-ltd-bajo-electrico-b15-blks-black-satin-5-cuerdas\/#primaryimage"},"thumbnailUrl":"https:\/\/casaagustininstrumentos.com\/wp-content\/uploads\/2026\/02\/ESP-LTD-B15-BLKS-BLACK-SATIN.jpg","datePublished":"2026-02-01T14:58:27+00:00","dateModified":"2026-03-02T23:15:20+00:00","breadcrumb":{"@id":"https:\/\/casaagustininstrumentos.com\/index.php\/producto\/esp-ltd-bajo-electrico-b15-blks-black-satin-5-cuerdas\/#breadcrumb"},"inLanguage":"es","potentialAction":[{"@type":"ReadAction","target":["https:\/\/casaagustininstrumentos.com\/index.php\/producto\/esp-ltd-bajo-electrico-b15-blks-black-satin-5-cuerdas\/"]}]},{"@type":"ImageObject","inLanguage":"es","@id":"https:\/\/casaagustininstrumentos.com\/index.php\/producto\/esp-ltd-bajo-electrico-b15-blks-black-satin-5-cuerdas\/#primaryimage","url":"https:\/\/casaagustininstrumentos.com\/wp-content\/uploads\/2026\/02\/ESP-LTD-B15-BLKS-BLACK-SATIN.jpg","contentUrl":"https:\/\/casaagustininstrumentos.com\/wp-content\/uploads\/2026\/02\/ESP-LTD-B15-BLKS-BLACK-SATIN.jpg","width":600,"height":600},{"@type":"BreadcrumbList","@id":"https:\/\/casaagustininstrumentos.com\/index.php\/producto\/esp-ltd-bajo-electrico-b15-blks-black-satin-5-cuerdas\/#breadcrumb","itemListElement":[{"@type":"ListItem","position":1,"name":"Portada","item":"https:\/\/casaagustininstrumentos.com\/"},{"@type":"ListItem","position":2,"name":"Tienda","item":"https:\/\/casaagustininstrumentos.com\/index.php\/tienda\/"},{"@type":"ListItem","position":3,"name":"ESP-LTD &#8211; Bajo El\u00e9ctrico &#8211; B15 BLKS BLACK SATIN 5 Cuerdas"}]},{"@type":"WebSite","@id":"https:\/\/casaagustininstrumentos.com\/#website","url":"https:\/\/casaagustininstrumentos.com\/","name":"Casa Agustin Instrumentos Musicales","description":"Intrumentos musicales, accesorios y audio.","publisher":{"@id":"https:\/\/casaagustininstrumentos.com\/#organization"},"potentialAction":[{"@type":"SearchAction","target":{"@type":"EntryPoint","urlTemplate":"https:\/\/casaagustininstrumentos.com\/?s={search_term_string}"},"query-input":{"@type":"PropertyValueSpecification","valueRequired":true,"valueName":"search_term_string"}}],"inLanguage":"es"},{"@type":"Organization","@id":"https:\/\/casaagustininstrumentos.com\/#organization","name":"Casa Agustin Instrumentos Musicales","url":"https:\/\/casaagustininstrumentos.com\/","logo":{"@type":"ImageObject","inLanguage":"es","@id":"https:\/\/casaagustininstrumentos.com\/#\/schema\/logo\/image\/","url":"https:\/\/casaagustininstrumentos.com\/wp-content\/uploads\/2023\/07\/Casa-Agustin-Instrumentos-mus.png","contentUrl":"https:\/\/casaagustininstrumentos.com\/wp-content\/uploads\/2023\/07\/Casa-Agustin-Instrumentos-mus.png","width":700,"height":270,"caption":"Casa Agustin Instrumentos Musicales"},"image":{"@id":"https:\/\/casaagustininstrumentos.com\/#\/schema\/logo\/image\/"}}]}},"brands":[{"id":242,"name":"LTD","slug":"ltd"}],"_links":{"self":[{"href":"https:\/\/casaagustininstrumentos.com\/index.php\/wp-json\/wp\/v2\/product\/4029","targetHints":{"allow":["GET"]}}],"collection":[{"href":"https:\/\/casaagustininstrumentos.com\/index.php\/wp-json\/wp\/v2\/product"}],"about":[{"href":"https:\/\/casaagustininstrumentos.com\/index.php\/wp-json\/wp\/v2\/types\/product"}],"replies":[{"embeddable":true,"href":"https:\/\/casaagustininstrumentos.com\/index.php\/wp-json\/wp\/v2\/comments?post=4029"}],"wp:featuredmedia":[{"embeddable":true,"href":"https:\/\/casaagustininstrumentos.com\/index.php\/wp-json\/wp\/v2\/media\/4030"}],"wp:attachment":[{"href":"https:\/\/casaagustininstrumentos.com\/index.php\/wp-json\/wp\/v2\/media?parent=4029"}],"wp:term":[{"taxonomy":"pwb-brand","embeddable":true,"href":"https:\/\/casaagustininstrumentos.com\/index.php\/wp-json\/wp\/v2\/pwb-brand?post=4029"},{"taxonomy":"product_brand","embeddable":true,"href":"https:\/\/casaagustininstrumentos.com\/index.php\/wp-json\/wp\/v2\/product_brand?post=4029"},{"taxonomy":"product_cat","embeddable":true,"href":"https:\/\/casaagustininstrumentos.com\/index.php\/wp-json\/wp\/v2\/product_cat?post=4029"},{"taxonomy":"product_tag","embeddable":true,"href":"https:\/\/casaagustininstrumentos.com\/index.php\/wp-json\/wp\/v2\/product_tag?post=4029"}],"curies":[{"name":"wp","href":"https:\/\/api.w.org\/{rel}","templated":true}]}}