{"id":3919,"date":"2026-01-03T13:15:48","date_gmt":"2026-01-03T13:15:48","guid":{"rendered":"https:\/\/casaagustininstrumentos.com\/?post_type=product&#038;p=3919"},"modified":"2026-01-03T13:29:42","modified_gmt":"2026-01-03T13:29:42","slug":"vmr-audio-bafle-activo-de-15-pulgadas-con-bateria-groove15go-ii","status":"publish","type":"product","link":"https:\/\/casaagustininstrumentos.com\/index.php\/producto\/vmr-audio-bafle-activo-de-15-pulgadas-con-bateria-groove15go-ii\/","title":{"rendered":"VMR AUDIO &#8211; Bafle activo de 15 pulgadas con bater\u00eda &#8211; GROOVE15GO-II"},"content":{"rendered":"<div class=\"product_extra-283\">\n<div class=\"block-body expand-block\">\n<div class=\"block-wrapper\">\n<div class=\"block-content \">\n<div><em>Con el GROOVE15GO-II, puedes llevar tu m\u00fasica a todas partes y cantar con sus dos micr\u00f3fonos inal\u00e1mbricos incluidos!!<\/em><\/div>\n<div><em>Equipado con una pantalla LCD, el reproductor multimedia es compatible con el formato MP3; y muestra tanto la b\u00fasqueda de carpetas como las etiquetas ID3. Los datos pueden ser le\u00eddos desde una unidad USB, o desde una tarjeta SD.<\/em><\/div>\n<div><\/div>\n<div>\n<div><em>Posee dos entradas jack de 1\/4&#8243; con control de vol\u00famen independiente que permiten conectar casi cualquier fuente de audio (1 de micr\u00f3fono y 1 de instrumento por ejemplo)<\/em><\/div>\n<div><em>Entradas y salidas doble RCA desbalanceada.<\/em><\/div>\n<div><em>Alimentaci\u00f3n de 2 modos, 1 interna (a bater\u00eda) y 2 externa (conectado a la red de 220v)<\/em><\/div>\n<div><em>Entrada para conectar a bater\u00eda externa de 12 voltios.<\/em><\/div>\n<div><em>2 manijas para transporte (una lateral y una superior)<\/em><\/div>\n<div><em>Chanfle para usar como monitor de piso.<\/em><\/div>\n<div><em>Platina inferior para colocar en tr\u00edpode.<\/em><\/div>\n<div><em>Insertos para colgarla 2 Insertos superiores rosca M8, 1 Inserto 1nferior rosca M8<\/em><\/div>\n<\/div>\n<\/div>\n<\/div>\n<\/div>\n<\/div>\n<div class=\"product_extra-949\">\n<div class=\"block-body expand-block\">\n<div class=\"block-wrapper\">\n<div class=\"block-content \">\n<div id=\"tab-specification\">\n<div class=\"table-responsive\">\n<table class=\"table table-bordered\">\n<thead>\n<tr>\n<td colspan=\"2\"><em><strong>Caracteristicas<\/strong><\/em><\/td>\n<\/tr>\n<\/thead>\n<tbody>\n<tr>\n<td><em>Display<\/em><\/td>\n<td><em>Si<\/em><\/td>\n<\/tr>\n<tr>\n<td><em>Peso<\/em><\/td>\n<td><em>13 kg.<\/em><\/td>\n<\/tr>\n<tr>\n<td><em>SPL<\/em><\/td>\n<td><em>119 dB<\/em><\/td>\n<\/tr>\n<tr>\n<td><em>Tipo<\/em><\/td>\n<td><em>Port\u00e1til<\/em><\/td>\n<\/tr>\n<tr>\n<td><em>Conector<\/em><\/td>\n<td><em>2 x jacks 1\/4&#8243;<\/em><\/td>\n<\/tr>\n<tr>\n<td><em>Rango de Frecuencia<\/em><\/td>\n<td><em>45Hz-20Khz +\/-3 dB<\/em><\/td>\n<\/tr>\n<tr>\n<td><em>Dimensiones<\/em><\/td>\n<td><em>Alto 68cm x Ancho 42 cm x Profundidad 38cm<\/em><\/td>\n<\/tr>\n<tr>\n<td><em>\u00c1ngulo de Cobertura<\/em><\/td>\n<td><em>100\u00ba<\/em><\/td>\n<\/tr>\n<tr>\n<td><em>Sensibilidad<\/em><\/td>\n<td><em>98 dB watt\/metro<\/em><\/td>\n<\/tr>\n<tr>\n<td><em>Driver<\/em><\/td>\n<td><em>1 pulgada<\/em><\/td>\n<\/tr>\n<tr>\n<td><em>Potencia<\/em><\/td>\n<td><em>200 watts<\/em><\/td>\n<\/tr>\n<\/tbody>\n<\/table>\n<\/div>\n<\/div>\n<\/div>\n<\/div>\n<\/div>\n<\/div>\n","protected":false},"excerpt":{"rendered":"<p>Con el GROOVE15GO-II, puedes llevar tu m\u00fasica a todas partes y cantar con sus dos micr\u00f3fonos inal\u00e1mbricos incluidos!! Equipado con una pantalla LCD, el reproductor multimedia es compatible con el formato MP3; y muestra tanto la b\u00fasqueda de carpetas como las etiquetas ID3. Los datos pueden ser le\u00eddos desde una unidad USB, o desde una [&hellip;]<\/p>\n","protected":false},"featured_media":3920,"comment_status":"open","ping_status":"closed","template":"","meta":{"site-sidebar-layout":"default","site-content-layout":"","ast-site-content-layout":"default","site-content-style":"default","site-sidebar-style":"default","ast-global-header-display":"","ast-banner-title-visibility":"","ast-main-header-display":"","ast-hfb-above-header-display":"","ast-hfb-below-header-display":"","ast-hfb-mobile-header-display":"","site-post-title":"","ast-breadcrumbs-content":"","ast-featured-img":"","footer-sml-layout":"","ast-disable-related-posts":"","theme-transparent-header-meta":"default","adv-header-id-meta":"","stick-header-meta":"","header-above-stick-meta":"","header-main-stick-meta":"","header-below-stick-meta":"","astra-migrate-meta-layouts":"set","ast-page-background-enabled":"default","ast-page-background-meta":{"desktop":{"background-color":"var(--ast-global-color-4)","background-image":"","background-repeat":"repeat","background-position":"center center","background-size":"auto","background-attachment":"scroll","background-type":"","background-media":"","overlay-type":"","overlay-color":"","overlay-opacity":"","overlay-gradient":""},"tablet":{"background-color":"","background-image":"","background-repeat":"repeat","background-position":"center center","background-size":"auto","background-attachment":"scroll","background-type":"","background-media":"","overlay-type":"","overlay-color":"","overlay-opacity":"","overlay-gradient":""},"mobile":{"background-color":"","background-image":"","background-repeat":"repeat","background-position":"center center","background-size":"auto","background-attachment":"scroll","background-type":"","background-media":"","overlay-type":"","overlay-color":"","overlay-opacity":"","overlay-gradient":""}},"ast-content-background-meta":{"desktop":{"background-color":"var(--ast-global-color-5)","background-image":"","background-repeat":"repeat","background-position":"center center","background-size":"auto","background-attachment":"scroll","background-type":"","background-media":"","overlay-type":"","overlay-color":"","overlay-opacity":"","overlay-gradient":""},"tablet":{"background-color":"var(--ast-global-color-5)","background-image":"","background-repeat":"repeat","background-position":"center center","background-size":"auto","background-attachment":"scroll","background-type":"","background-media":"","overlay-type":"","overlay-color":"","overlay-opacity":"","overlay-gradient":""},"mobile":{"background-color":"var(--ast-global-color-5)","background-image":"","background-repeat":"repeat","background-position":"center center","background-size":"auto","background-attachment":"scroll","background-type":"","background-media":"","overlay-type":"","overlay-color":"","overlay-opacity":"","overlay-gradient":""}},"_joinchat":[]},"pwb-brand":[239],"product_brand":[],"product_cat":[79],"product_tag":[],"class_list":{"0":"post-3919","1":"product","2":"type-product","3":"status-publish","4":"has-post-thumbnail","6":"pwb-brand-vmr-audio","7":"product_cat-bafles-y-consolas","8":"desktop-align-left","9":"tablet-align-left","10":"mobile-align-left","12":"first","13":"instock","14":"taxable","15":"shipping-taxable","16":"purchasable","17":"product-type-simple"},"yoast_head":"<!-- This site is optimized with the Yoast SEO plugin v27.3 - https:\/\/yoast.com\/product\/yoast-seo-wordpress\/ -->\n<title>VMR AUDIO - Bafle activo de 15 pulgadas con bater\u00eda - GROOVE15GO-II - Casa Agustin Instrumentos Musicales<\/title>\n<meta name=\"robots\" content=\"index, follow, max-snippet:-1, max-image-preview:large, max-video-preview:-1\" \/>\n<link rel=\"canonical\" href=\"https:\/\/casaagustininstrumentos.com\/index.php\/producto\/vmr-audio-bafle-activo-de-15-pulgadas-con-bateria-groove15go-ii\/\" \/>\n<meta property=\"og:locale\" content=\"es_ES\" \/>\n<meta property=\"og:type\" content=\"article\" \/>\n<meta property=\"og:title\" content=\"VMR AUDIO - Bafle activo de 15 pulgadas con bater\u00eda - GROOVE15GO-II - Casa Agustin Instrumentos Musicales\" \/>\n<meta property=\"og:description\" content=\"Con el GROOVE15GO-II, puedes llevar tu m\u00fasica a todas partes y cantar con sus dos micr\u00f3fonos inal\u00e1mbricos incluidos!! Equipado con una pantalla LCD, el reproductor multimedia es compatible con el formato MP3; y muestra tanto la b\u00fasqueda de carpetas como las etiquetas ID3. Los datos pueden ser le\u00eddos desde una unidad USB, o desde una [&hellip;]\" \/>\n<meta property=\"og:url\" content=\"https:\/\/casaagustininstrumentos.com\/index.php\/producto\/vmr-audio-bafle-activo-de-15-pulgadas-con-bateria-groove15go-ii\/\" \/>\n<meta property=\"og:site_name\" content=\"Casa Agustin Instrumentos Musicales\" \/>\n<meta property=\"article:modified_time\" content=\"2026-01-03T13:29:42+00:00\" \/>\n<meta property=\"og:image\" content=\"https:\/\/casaagustininstrumentos.com\/wp-content\/uploads\/2026\/01\/Groove15Go-II.jpg\" \/>\n\t<meta property=\"og:image:width\" content=\"600\" \/>\n\t<meta property=\"og:image:height\" content=\"600\" \/>\n\t<meta property=\"og:image:type\" content=\"image\/jpeg\" \/>\n<meta name=\"twitter:card\" content=\"summary_large_image\" \/>\n<meta name=\"twitter:label1\" content=\"Tiempo de lectura\" \/>\n\t<meta name=\"twitter:data1\" content=\"2 minutos\" \/>\n<script type=\"application\/ld+json\" class=\"yoast-schema-graph\">{\"@context\":\"https:\\\/\\\/schema.org\",\"@graph\":[{\"@type\":\"WebPage\",\"@id\":\"https:\\\/\\\/casaagustininstrumentos.com\\\/index.php\\\/producto\\\/vmr-audio-bafle-activo-de-15-pulgadas-con-bateria-groove15go-ii\\\/\",\"url\":\"https:\\\/\\\/casaagustininstrumentos.com\\\/index.php\\\/producto\\\/vmr-audio-bafle-activo-de-15-pulgadas-con-bateria-groove15go-ii\\\/\",\"name\":\"VMR AUDIO - Bafle activo de 15 pulgadas con bater\u00eda - GROOVE15GO-II - Casa Agustin Instrumentos Musicales\",\"isPartOf\":{\"@id\":\"https:\\\/\\\/casaagustininstrumentos.com\\\/#website\"},\"primaryImageOfPage\":{\"@id\":\"https:\\\/\\\/casaagustininstrumentos.com\\\/index.php\\\/producto\\\/vmr-audio-bafle-activo-de-15-pulgadas-con-bateria-groove15go-ii\\\/#primaryimage\"},\"image\":{\"@id\":\"https:\\\/\\\/casaagustininstrumentos.com\\\/index.php\\\/producto\\\/vmr-audio-bafle-activo-de-15-pulgadas-con-bateria-groove15go-ii\\\/#primaryimage\"},\"thumbnailUrl\":\"https:\\\/\\\/casaagustininstrumentos.com\\\/wp-content\\\/uploads\\\/2026\\\/01\\\/Groove15Go-II.jpg\",\"datePublished\":\"2026-01-03T13:15:48+00:00\",\"dateModified\":\"2026-01-03T13:29:42+00:00\",\"breadcrumb\":{\"@id\":\"https:\\\/\\\/casaagustininstrumentos.com\\\/index.php\\\/producto\\\/vmr-audio-bafle-activo-de-15-pulgadas-con-bateria-groove15go-ii\\\/#breadcrumb\"},\"inLanguage\":\"es\",\"potentialAction\":[{\"@type\":\"ReadAction\",\"target\":[\"https:\\\/\\\/casaagustininstrumentos.com\\\/index.php\\\/producto\\\/vmr-audio-bafle-activo-de-15-pulgadas-con-bateria-groove15go-ii\\\/\"]}]},{\"@type\":\"ImageObject\",\"inLanguage\":\"es\",\"@id\":\"https:\\\/\\\/casaagustininstrumentos.com\\\/index.php\\\/producto\\\/vmr-audio-bafle-activo-de-15-pulgadas-con-bateria-groove15go-ii\\\/#primaryimage\",\"url\":\"https:\\\/\\\/casaagustininstrumentos.com\\\/wp-content\\\/uploads\\\/2026\\\/01\\\/Groove15Go-II.jpg\",\"contentUrl\":\"https:\\\/\\\/casaagustininstrumentos.com\\\/wp-content\\\/uploads\\\/2026\\\/01\\\/Groove15Go-II.jpg\",\"width\":600,\"height\":600},{\"@type\":\"BreadcrumbList\",\"@id\":\"https:\\\/\\\/casaagustininstrumentos.com\\\/index.php\\\/producto\\\/vmr-audio-bafle-activo-de-15-pulgadas-con-bateria-groove15go-ii\\\/#breadcrumb\",\"itemListElement\":[{\"@type\":\"ListItem\",\"position\":1,\"name\":\"Portada\",\"item\":\"https:\\\/\\\/casaagustininstrumentos.com\\\/\"},{\"@type\":\"ListItem\",\"position\":2,\"name\":\"Tienda\",\"item\":\"https:\\\/\\\/casaagustininstrumentos.com\\\/index.php\\\/tienda\\\/\"},{\"@type\":\"ListItem\",\"position\":3,\"name\":\"VMR AUDIO &#8211; Bafle activo de 15 pulgadas con bater\u00eda &#8211; GROOVE15GO-II\"}]},{\"@type\":\"WebSite\",\"@id\":\"https:\\\/\\\/casaagustininstrumentos.com\\\/#website\",\"url\":\"https:\\\/\\\/casaagustininstrumentos.com\\\/\",\"name\":\"Casa Agustin Instrumentos Musicales\",\"description\":\"Intrumentos musicales, accesorios y audio.\",\"publisher\":{\"@id\":\"https:\\\/\\\/casaagustininstrumentos.com\\\/#organization\"},\"potentialAction\":[{\"@type\":\"SearchAction\",\"target\":{\"@type\":\"EntryPoint\",\"urlTemplate\":\"https:\\\/\\\/casaagustininstrumentos.com\\\/?s={search_term_string}\"},\"query-input\":{\"@type\":\"PropertyValueSpecification\",\"valueRequired\":true,\"valueName\":\"search_term_string\"}}],\"inLanguage\":\"es\"},{\"@type\":\"Organization\",\"@id\":\"https:\\\/\\\/casaagustininstrumentos.com\\\/#organization\",\"name\":\"Casa Agustin Instrumentos Musicales\",\"url\":\"https:\\\/\\\/casaagustininstrumentos.com\\\/\",\"logo\":{\"@type\":\"ImageObject\",\"inLanguage\":\"es\",\"@id\":\"https:\\\/\\\/casaagustininstrumentos.com\\\/#\\\/schema\\\/logo\\\/image\\\/\",\"url\":\"https:\\\/\\\/casaagustininstrumentos.com\\\/wp-content\\\/uploads\\\/2023\\\/07\\\/Casa-Agustin-Instrumentos-mus.png\",\"contentUrl\":\"https:\\\/\\\/casaagustininstrumentos.com\\\/wp-content\\\/uploads\\\/2023\\\/07\\\/Casa-Agustin-Instrumentos-mus.png\",\"width\":700,\"height\":270,\"caption\":\"Casa Agustin Instrumentos Musicales\"},\"image\":{\"@id\":\"https:\\\/\\\/casaagustininstrumentos.com\\\/#\\\/schema\\\/logo\\\/image\\\/\"}}]}<\/script>\n<!-- \/ Yoast SEO plugin. -->","yoast_head_json":{"title":"VMR AUDIO - Bafle activo de 15 pulgadas con bater\u00eda - GROOVE15GO-II - Casa Agustin Instrumentos Musicales","robots":{"index":"index","follow":"follow","max-snippet":"max-snippet:-1","max-image-preview":"max-image-preview:large","max-video-preview":"max-video-preview:-1"},"canonical":"https:\/\/casaagustininstrumentos.com\/index.php\/producto\/vmr-audio-bafle-activo-de-15-pulgadas-con-bateria-groove15go-ii\/","og_locale":"es_ES","og_type":"article","og_title":"VMR AUDIO - Bafle activo de 15 pulgadas con bater\u00eda - GROOVE15GO-II - Casa Agustin Instrumentos Musicales","og_description":"Con el GROOVE15GO-II, puedes llevar tu m\u00fasica a todas partes y cantar con sus dos micr\u00f3fonos inal\u00e1mbricos incluidos!! Equipado con una pantalla LCD, el reproductor multimedia es compatible con el formato MP3; y muestra tanto la b\u00fasqueda de carpetas como las etiquetas ID3. Los datos pueden ser le\u00eddos desde una unidad USB, o desde una [&hellip;]","og_url":"https:\/\/casaagustininstrumentos.com\/index.php\/producto\/vmr-audio-bafle-activo-de-15-pulgadas-con-bateria-groove15go-ii\/","og_site_name":"Casa Agustin Instrumentos Musicales","article_modified_time":"2026-01-03T13:29:42+00:00","og_image":[{"width":600,"height":600,"url":"https:\/\/casaagustininstrumentos.com\/wp-content\/uploads\/2026\/01\/Groove15Go-II.jpg","type":"image\/jpeg"}],"twitter_card":"summary_large_image","twitter_misc":{"Tiempo de lectura":"2 minutos"},"schema":{"@context":"https:\/\/schema.org","@graph":[{"@type":"WebPage","@id":"https:\/\/casaagustininstrumentos.com\/index.php\/producto\/vmr-audio-bafle-activo-de-15-pulgadas-con-bateria-groove15go-ii\/","url":"https:\/\/casaagustininstrumentos.com\/index.php\/producto\/vmr-audio-bafle-activo-de-15-pulgadas-con-bateria-groove15go-ii\/","name":"VMR AUDIO - Bafle activo de 15 pulgadas con bater\u00eda - GROOVE15GO-II - Casa Agustin Instrumentos Musicales","isPartOf":{"@id":"https:\/\/casaagustininstrumentos.com\/#website"},"primaryImageOfPage":{"@id":"https:\/\/casaagustininstrumentos.com\/index.php\/producto\/vmr-audio-bafle-activo-de-15-pulgadas-con-bateria-groove15go-ii\/#primaryimage"},"image":{"@id":"https:\/\/casaagustininstrumentos.com\/index.php\/producto\/vmr-audio-bafle-activo-de-15-pulgadas-con-bateria-groove15go-ii\/#primaryimage"},"thumbnailUrl":"https:\/\/casaagustininstrumentos.com\/wp-content\/uploads\/2026\/01\/Groove15Go-II.jpg","datePublished":"2026-01-03T13:15:48+00:00","dateModified":"2026-01-03T13:29:42+00:00","breadcrumb":{"@id":"https:\/\/casaagustininstrumentos.com\/index.php\/producto\/vmr-audio-bafle-activo-de-15-pulgadas-con-bateria-groove15go-ii\/#breadcrumb"},"inLanguage":"es","potentialAction":[{"@type":"ReadAction","target":["https:\/\/casaagustininstrumentos.com\/index.php\/producto\/vmr-audio-bafle-activo-de-15-pulgadas-con-bateria-groove15go-ii\/"]}]},{"@type":"ImageObject","inLanguage":"es","@id":"https:\/\/casaagustininstrumentos.com\/index.php\/producto\/vmr-audio-bafle-activo-de-15-pulgadas-con-bateria-groove15go-ii\/#primaryimage","url":"https:\/\/casaagustininstrumentos.com\/wp-content\/uploads\/2026\/01\/Groove15Go-II.jpg","contentUrl":"https:\/\/casaagustininstrumentos.com\/wp-content\/uploads\/2026\/01\/Groove15Go-II.jpg","width":600,"height":600},{"@type":"BreadcrumbList","@id":"https:\/\/casaagustininstrumentos.com\/index.php\/producto\/vmr-audio-bafle-activo-de-15-pulgadas-con-bateria-groove15go-ii\/#breadcrumb","itemListElement":[{"@type":"ListItem","position":1,"name":"Portada","item":"https:\/\/casaagustininstrumentos.com\/"},{"@type":"ListItem","position":2,"name":"Tienda","item":"https:\/\/casaagustininstrumentos.com\/index.php\/tienda\/"},{"@type":"ListItem","position":3,"name":"VMR AUDIO &#8211; Bafle activo de 15 pulgadas con bater\u00eda &#8211; GROOVE15GO-II"}]},{"@type":"WebSite","@id":"https:\/\/casaagustininstrumentos.com\/#website","url":"https:\/\/casaagustininstrumentos.com\/","name":"Casa Agustin Instrumentos Musicales","description":"Intrumentos musicales, accesorios y audio.","publisher":{"@id":"https:\/\/casaagustininstrumentos.com\/#organization"},"potentialAction":[{"@type":"SearchAction","target":{"@type":"EntryPoint","urlTemplate":"https:\/\/casaagustininstrumentos.com\/?s={search_term_string}"},"query-input":{"@type":"PropertyValueSpecification","valueRequired":true,"valueName":"search_term_string"}}],"inLanguage":"es"},{"@type":"Organization","@id":"https:\/\/casaagustininstrumentos.com\/#organization","name":"Casa Agustin Instrumentos Musicales","url":"https:\/\/casaagustininstrumentos.com\/","logo":{"@type":"ImageObject","inLanguage":"es","@id":"https:\/\/casaagustininstrumentos.com\/#\/schema\/logo\/image\/","url":"https:\/\/casaagustininstrumentos.com\/wp-content\/uploads\/2023\/07\/Casa-Agustin-Instrumentos-mus.png","contentUrl":"https:\/\/casaagustininstrumentos.com\/wp-content\/uploads\/2023\/07\/Casa-Agustin-Instrumentos-mus.png","width":700,"height":270,"caption":"Casa Agustin Instrumentos Musicales"},"image":{"@id":"https:\/\/casaagustininstrumentos.com\/#\/schema\/logo\/image\/"}}]}},"brands":[{"id":239,"name":"VMR Audio","slug":"vmr-audio"}],"_links":{"self":[{"href":"https:\/\/casaagustininstrumentos.com\/index.php\/wp-json\/wp\/v2\/product\/3919","targetHints":{"allow":["GET"]}}],"collection":[{"href":"https:\/\/casaagustininstrumentos.com\/index.php\/wp-json\/wp\/v2\/product"}],"about":[{"href":"https:\/\/casaagustininstrumentos.com\/index.php\/wp-json\/wp\/v2\/types\/product"}],"replies":[{"embeddable":true,"href":"https:\/\/casaagustininstrumentos.com\/index.php\/wp-json\/wp\/v2\/comments?post=3919"}],"wp:featuredmedia":[{"embeddable":true,"href":"https:\/\/casaagustininstrumentos.com\/index.php\/wp-json\/wp\/v2\/media\/3920"}],"wp:attachment":[{"href":"https:\/\/casaagustininstrumentos.com\/index.php\/wp-json\/wp\/v2\/media?parent=3919"}],"wp:term":[{"taxonomy":"pwb-brand","embeddable":true,"href":"https:\/\/casaagustininstrumentos.com\/index.php\/wp-json\/wp\/v2\/pwb-brand?post=3919"},{"taxonomy":"product_brand","embeddable":true,"href":"https:\/\/casaagustininstrumentos.com\/index.php\/wp-json\/wp\/v2\/product_brand?post=3919"},{"taxonomy":"product_cat","embeddable":true,"href":"https:\/\/casaagustininstrumentos.com\/index.php\/wp-json\/wp\/v2\/product_cat?post=3919"},{"taxonomy":"product_tag","embeddable":true,"href":"https:\/\/casaagustininstrumentos.com\/index.php\/wp-json\/wp\/v2\/product_tag?post=3919"}],"curies":[{"name":"wp","href":"https:\/\/api.w.org\/{rel}","templated":true}]}}