{"id":1847,"date":"2024-01-30T16:23:19","date_gmt":"2024-01-30T16:23:19","guid":{"rendered":"https:\/\/casaagustininstrumentos.com\/?post_type=product&#038;p=1847"},"modified":"2026-03-05T19:58:16","modified_gmt":"2026-03-05T19:58:16","slug":"acustic-global-panel-fono-absorventes","status":"publish","type":"product","link":"https:\/\/casaagustininstrumentos.com\/index.php\/producto\/acustic-global-panel-fono-absorventes\/","title":{"rendered":"ACUSTIC GLOBAL &#8211; Panel Fono absorventes"},"content":{"rendered":"<p>Medida: 49&#215;49 mm<\/p>\n<p>Espesores: 30 mm<\/p>\n","protected":false},"excerpt":{"rendered":"<section class=\"ui-view-more vip-section-specs main-section \">\n<p class=\"main-section__title\"><em>Caracter\u00edsticas<\/em><\/p>\n<section class=\"specs-container specs-primary-specs specs-layout-default u-clearfix\">\n<ul class=\"specs-list specs-list-primary specs-structure-medium\">\n<li class=\"specs-item specs-item-primary\"><em>MarcaAcousticGlobal<\/em><\/li>\n<li class=\"specs-item specs-item-primary\"><em>ModeloConos\u00a0 Profesional\u00a0\u00a0<\/em><\/li>\n<li class=\"specs-item specs-item-primary\"><em>Ancho del panel ac\u00fastico50 cm<\/em><\/li>\n<li class=\"specs-item specs-item-primary\"><em>Largo del panel ac\u00fastico49 x49 cm<\/em><\/li>\n<li class=\"specs-item specs-item-primary\"><em>Espesor del panel ac\u00fastico25 mm 30mm 50mm (Elija Opci\u00f3n Seleccionar)<\/em><\/li>\n<li class=\"specs-item specs-item-primary\"><em>Funci\u00f3n del panel ac\u00fasticoAbsorbente<\/em><\/li>\n<li class=\"specs-item specs-item-primary\"><em>MaterialEspuma Acustica<\/em><\/li>\n<li class=\"specs-item specs-item-primary\"><\/li>\n<\/ul>\n<\/section>\n<\/section>\n<section class=\"main-section item-description \">\n<p class=\"main-section__title item-description__title\"><em>Descripci\u00f3n del vendedor<\/em><\/p>\n<div id=\"description-includes\" class=\"item-description__content \">\n<div class=\"item-description__text\">\n<p><em>El Revestimiento de ACOUSTICGLOBAL constituye la herramienta ideal para tratar perturbaciones sonoras originadas en reflexiones m\u00faltiples garantizando el buscado Confort Ac\u00fastico.<\/em><br \/>\n<em>Si el local se recubre con material absorbente , el sonido reflejado por la pared se ve reducido en una fracci\u00f3n cada vez que choca con alguna pared.<\/em><br \/>\n<em>De este modo se evita que aumente el nivel del ruido reverberante mediante la acci\u00f3n del material Absorbente.<\/em><\/p>\n<\/div>\n<\/div>\n<\/section>\n","protected":false},"featured_media":1848,"comment_status":"open","ping_status":"closed","template":"","meta":{"site-sidebar-layout":"default","site-content-layout":"default","ast-site-content-layout":"default","site-content-style":"default","site-sidebar-style":"default","ast-global-header-display":"","ast-banner-title-visibility":"","ast-main-header-display":"","ast-hfb-above-header-display":"","ast-hfb-below-header-display":"","ast-hfb-mobile-header-display":"","site-post-title":"","ast-breadcrumbs-content":"","ast-featured-img":"","footer-sml-layout":"","ast-disable-related-posts":"","theme-transparent-header-meta":"default","adv-header-id-meta":"","stick-header-meta":"","header-above-stick-meta":"","header-main-stick-meta":"","header-below-stick-meta":"","astra-migrate-meta-layouts":"set","ast-page-background-enabled":"default","ast-page-background-meta":{"desktop":{"background-color":"var(--ast-global-color-4)","background-image":"","background-repeat":"repeat","background-position":"center center","background-size":"auto","background-attachment":"scroll","background-type":"","background-media":"","overlay-type":"","overlay-color":"","overlay-opacity":"","overlay-gradient":""},"tablet":{"background-color":"","background-image":"","background-repeat":"repeat","background-position":"center center","background-size":"auto","background-attachment":"scroll","background-type":"","background-media":"","overlay-type":"","overlay-color":"","overlay-opacity":"","overlay-gradient":""},"mobile":{"background-color":"","background-image":"","background-repeat":"repeat","background-position":"center center","background-size":"auto","background-attachment":"scroll","background-type":"","background-media":"","overlay-type":"","overlay-color":"","overlay-opacity":"","overlay-gradient":""}},"ast-content-background-meta":{"desktop":{"background-color":"var(--ast-global-color-5)","background-image":"","background-repeat":"repeat","background-position":"center center","background-size":"auto","background-attachment":"scroll","background-type":"","background-media":"","overlay-type":"","overlay-color":"","overlay-opacity":"","overlay-gradient":""},"tablet":{"background-color":"var(--ast-global-color-5)","background-image":"","background-repeat":"repeat","background-position":"center center","background-size":"auto","background-attachment":"scroll","background-type":"","background-media":"","overlay-type":"","overlay-color":"","overlay-opacity":"","overlay-gradient":""},"mobile":{"background-color":"var(--ast-global-color-5)","background-image":"","background-repeat":"repeat","background-position":"center center","background-size":"auto","background-attachment":"scroll","background-type":"","background-media":"","overlay-type":"","overlay-color":"","overlay-opacity":"","overlay-gradient":""}},"_joinchat":[]},"pwb-brand":[],"product_brand":[],"product_cat":[70],"product_tag":[],"class_list":{"0":"post-1847","1":"product","2":"type-product","3":"status-publish","4":"has-post-thumbnail","6":"product_cat-accesorios-de-sonido-grabacion","7":"desktop-align-left","8":"tablet-align-left","9":"mobile-align-left","11":"first","12":"instock","13":"taxable","14":"shipping-taxable","15":"purchasable","16":"product-type-simple"},"yoast_head":"<!-- This site is optimized with the Yoast SEO plugin v27.5 - https:\/\/yoast.com\/product\/yoast-seo-wordpress\/ -->\n<title>ACUSTIC GLOBAL - Panel Fono absorventes - Casa Agustin Instrumentos Musicales<\/title>\n<meta name=\"robots\" content=\"index, follow, max-snippet:-1, max-image-preview:large, max-video-preview:-1\" \/>\n<link rel=\"canonical\" href=\"https:\/\/casaagustininstrumentos.com\/index.php\/producto\/acustic-global-panel-fono-absorventes\/\" \/>\n<meta property=\"og:locale\" content=\"es_ES\" \/>\n<meta property=\"og:type\" content=\"article\" \/>\n<meta property=\"og:title\" content=\"ACUSTIC GLOBAL - Panel Fono absorventes - Casa Agustin Instrumentos Musicales\" \/>\n<meta property=\"og:description\" content=\"Caracter\u00edsticas     MarcaAcousticGlobal  ModeloConos\u00a0 Profesional\u00a0\u00a0  Ancho del panel ac\u00fastico50 cm  Largo del panel ac\u00fastico49 x49 cm  Espesor del panel ac\u00fastico25 mm 30mm 50mm (Elija Opci\u00f3n Seleccionar)  Funci\u00f3n del panel ac\u00fasticoAbsorbente  MaterialEspuma Acustica     Descripci\u00f3n del vendedor     El Revestimiento de ACOUSTICGLOBAL constituye la herramienta ideal para tratar perturbaciones sonoras originadas en reflexiones m\u00faltiples garantizando el buscado Confort Ac\u00fastico. Si el local se recubre con material absorbente , el sonido reflejado por la pared se ve reducido en una fracci\u00f3n cada vez que choca con alguna pared. De este modo se evita que aumente el nivel del ruido reverberante mediante la acci\u00f3n del material Absorbente.\" \/>\n<meta property=\"og:url\" content=\"https:\/\/casaagustininstrumentos.com\/index.php\/producto\/acustic-global-panel-fono-absorventes\/\" \/>\n<meta property=\"og:site_name\" content=\"Casa Agustin Instrumentos Musicales\" \/>\n<meta property=\"article:modified_time\" content=\"2026-03-05T19:58:16+00:00\" \/>\n<meta property=\"og:image\" content=\"https:\/\/casaagustininstrumentos.com\/wp-content\/uploads\/2024\/01\/SPN022-1.jpg\" \/>\n\t<meta property=\"og:image:width\" content=\"600\" \/>\n\t<meta property=\"og:image:height\" content=\"600\" \/>\n\t<meta property=\"og:image:type\" content=\"image\/jpeg\" \/>\n<meta name=\"twitter:card\" content=\"summary_large_image\" \/>\n<meta name=\"twitter:label1\" content=\"Tiempo de lectura\" \/>\n\t<meta name=\"twitter:data1\" content=\"1 minuto\" \/>\n<script type=\"application\/ld+json\" class=\"yoast-schema-graph\">{\"@context\":\"https:\\\/\\\/schema.org\",\"@graph\":[{\"@type\":\"WebPage\",\"@id\":\"https:\\\/\\\/casaagustininstrumentos.com\\\/index.php\\\/producto\\\/acustic-global-panel-fono-absorventes\\\/\",\"url\":\"https:\\\/\\\/casaagustininstrumentos.com\\\/index.php\\\/producto\\\/acustic-global-panel-fono-absorventes\\\/\",\"name\":\"ACUSTIC GLOBAL - Panel Fono absorventes - Casa Agustin Instrumentos Musicales\",\"isPartOf\":{\"@id\":\"https:\\\/\\\/casaagustininstrumentos.com\\\/#website\"},\"primaryImageOfPage\":{\"@id\":\"https:\\\/\\\/casaagustininstrumentos.com\\\/index.php\\\/producto\\\/acustic-global-panel-fono-absorventes\\\/#primaryimage\"},\"image\":{\"@id\":\"https:\\\/\\\/casaagustininstrumentos.com\\\/index.php\\\/producto\\\/acustic-global-panel-fono-absorventes\\\/#primaryimage\"},\"thumbnailUrl\":\"https:\\\/\\\/casaagustininstrumentos.com\\\/wp-content\\\/uploads\\\/2024\\\/01\\\/SPN022-1.jpg\",\"datePublished\":\"2024-01-30T16:23:19+00:00\",\"dateModified\":\"2026-03-05T19:58:16+00:00\",\"breadcrumb\":{\"@id\":\"https:\\\/\\\/casaagustininstrumentos.com\\\/index.php\\\/producto\\\/acustic-global-panel-fono-absorventes\\\/#breadcrumb\"},\"inLanguage\":\"es\",\"potentialAction\":[{\"@type\":\"ReadAction\",\"target\":[\"https:\\\/\\\/casaagustininstrumentos.com\\\/index.php\\\/producto\\\/acustic-global-panel-fono-absorventes\\\/\"]}]},{\"@type\":\"ImageObject\",\"inLanguage\":\"es\",\"@id\":\"https:\\\/\\\/casaagustininstrumentos.com\\\/index.php\\\/producto\\\/acustic-global-panel-fono-absorventes\\\/#primaryimage\",\"url\":\"https:\\\/\\\/casaagustininstrumentos.com\\\/wp-content\\\/uploads\\\/2024\\\/01\\\/SPN022-1.jpg\",\"contentUrl\":\"https:\\\/\\\/casaagustininstrumentos.com\\\/wp-content\\\/uploads\\\/2024\\\/01\\\/SPN022-1.jpg\",\"width\":600,\"height\":600},{\"@type\":\"BreadcrumbList\",\"@id\":\"https:\\\/\\\/casaagustininstrumentos.com\\\/index.php\\\/producto\\\/acustic-global-panel-fono-absorventes\\\/#breadcrumb\",\"itemListElement\":[{\"@type\":\"ListItem\",\"position\":1,\"name\":\"Portada\",\"item\":\"https:\\\/\\\/casaagustininstrumentos.com\\\/\"},{\"@type\":\"ListItem\",\"position\":2,\"name\":\"Tienda\",\"item\":\"https:\\\/\\\/casaagustininstrumentos.com\\\/index.php\\\/tienda\\\/\"},{\"@type\":\"ListItem\",\"position\":3,\"name\":\"ACUSTIC GLOBAL &#8211; Panel Fono absorventes\"}]},{\"@type\":\"WebSite\",\"@id\":\"https:\\\/\\\/casaagustininstrumentos.com\\\/#website\",\"url\":\"https:\\\/\\\/casaagustininstrumentos.com\\\/\",\"name\":\"Casa Agustin Instrumentos Musicales\",\"description\":\"Intrumentos musicales, accesorios y audio.\",\"publisher\":{\"@id\":\"https:\\\/\\\/casaagustininstrumentos.com\\\/#organization\"},\"potentialAction\":[{\"@type\":\"SearchAction\",\"target\":{\"@type\":\"EntryPoint\",\"urlTemplate\":\"https:\\\/\\\/casaagustininstrumentos.com\\\/?s={search_term_string}\"},\"query-input\":{\"@type\":\"PropertyValueSpecification\",\"valueRequired\":true,\"valueName\":\"search_term_string\"}}],\"inLanguage\":\"es\"},{\"@type\":\"Organization\",\"@id\":\"https:\\\/\\\/casaagustininstrumentos.com\\\/#organization\",\"name\":\"Casa Agustin Instrumentos Musicales\",\"url\":\"https:\\\/\\\/casaagustininstrumentos.com\\\/\",\"logo\":{\"@type\":\"ImageObject\",\"inLanguage\":\"es\",\"@id\":\"https:\\\/\\\/casaagustininstrumentos.com\\\/#\\\/schema\\\/logo\\\/image\\\/\",\"url\":\"https:\\\/\\\/casaagustininstrumentos.com\\\/wp-content\\\/uploads\\\/2023\\\/07\\\/Casa-Agustin-Instrumentos-mus.png\",\"contentUrl\":\"https:\\\/\\\/casaagustininstrumentos.com\\\/wp-content\\\/uploads\\\/2023\\\/07\\\/Casa-Agustin-Instrumentos-mus.png\",\"width\":700,\"height\":270,\"caption\":\"Casa Agustin Instrumentos Musicales\"},\"image\":{\"@id\":\"https:\\\/\\\/casaagustininstrumentos.com\\\/#\\\/schema\\\/logo\\\/image\\\/\"}}]}<\/script>\n<!-- \/ Yoast SEO plugin. -->","yoast_head_json":{"title":"ACUSTIC GLOBAL - Panel Fono absorventes - Casa Agustin Instrumentos Musicales","robots":{"index":"index","follow":"follow","max-snippet":"max-snippet:-1","max-image-preview":"max-image-preview:large","max-video-preview":"max-video-preview:-1"},"canonical":"https:\/\/casaagustininstrumentos.com\/index.php\/producto\/acustic-global-panel-fono-absorventes\/","og_locale":"es_ES","og_type":"article","og_title":"ACUSTIC GLOBAL - Panel Fono absorventes - Casa Agustin Instrumentos Musicales","og_description":"Caracter\u00edsticas     MarcaAcousticGlobal  ModeloConos\u00a0 Profesional\u00a0\u00a0  Ancho del panel ac\u00fastico50 cm  Largo del panel ac\u00fastico49 x49 cm  Espesor del panel ac\u00fastico25 mm 30mm 50mm (Elija Opci\u00f3n Seleccionar)  Funci\u00f3n del panel ac\u00fasticoAbsorbente  MaterialEspuma Acustica     Descripci\u00f3n del vendedor     El Revestimiento de ACOUSTICGLOBAL constituye la herramienta ideal para tratar perturbaciones sonoras originadas en reflexiones m\u00faltiples garantizando el buscado Confort Ac\u00fastico. Si el local se recubre con material absorbente , el sonido reflejado por la pared se ve reducido en una fracci\u00f3n cada vez que choca con alguna pared. De este modo se evita que aumente el nivel del ruido reverberante mediante la acci\u00f3n del material Absorbente.","og_url":"https:\/\/casaagustininstrumentos.com\/index.php\/producto\/acustic-global-panel-fono-absorventes\/","og_site_name":"Casa Agustin Instrumentos Musicales","article_modified_time":"2026-03-05T19:58:16+00:00","og_image":[{"width":600,"height":600,"url":"https:\/\/casaagustininstrumentos.com\/wp-content\/uploads\/2024\/01\/SPN022-1.jpg","type":"image\/jpeg"}],"twitter_card":"summary_large_image","twitter_misc":{"Tiempo de lectura":"1 minuto"},"schema":{"@context":"https:\/\/schema.org","@graph":[{"@type":"WebPage","@id":"https:\/\/casaagustininstrumentos.com\/index.php\/producto\/acustic-global-panel-fono-absorventes\/","url":"https:\/\/casaagustininstrumentos.com\/index.php\/producto\/acustic-global-panel-fono-absorventes\/","name":"ACUSTIC GLOBAL - Panel Fono absorventes - Casa Agustin Instrumentos Musicales","isPartOf":{"@id":"https:\/\/casaagustininstrumentos.com\/#website"},"primaryImageOfPage":{"@id":"https:\/\/casaagustininstrumentos.com\/index.php\/producto\/acustic-global-panel-fono-absorventes\/#primaryimage"},"image":{"@id":"https:\/\/casaagustininstrumentos.com\/index.php\/producto\/acustic-global-panel-fono-absorventes\/#primaryimage"},"thumbnailUrl":"https:\/\/casaagustininstrumentos.com\/wp-content\/uploads\/2024\/01\/SPN022-1.jpg","datePublished":"2024-01-30T16:23:19+00:00","dateModified":"2026-03-05T19:58:16+00:00","breadcrumb":{"@id":"https:\/\/casaagustininstrumentos.com\/index.php\/producto\/acustic-global-panel-fono-absorventes\/#breadcrumb"},"inLanguage":"es","potentialAction":[{"@type":"ReadAction","target":["https:\/\/casaagustininstrumentos.com\/index.php\/producto\/acustic-global-panel-fono-absorventes\/"]}]},{"@type":"ImageObject","inLanguage":"es","@id":"https:\/\/casaagustininstrumentos.com\/index.php\/producto\/acustic-global-panel-fono-absorventes\/#primaryimage","url":"https:\/\/casaagustininstrumentos.com\/wp-content\/uploads\/2024\/01\/SPN022-1.jpg","contentUrl":"https:\/\/casaagustininstrumentos.com\/wp-content\/uploads\/2024\/01\/SPN022-1.jpg","width":600,"height":600},{"@type":"BreadcrumbList","@id":"https:\/\/casaagustininstrumentos.com\/index.php\/producto\/acustic-global-panel-fono-absorventes\/#breadcrumb","itemListElement":[{"@type":"ListItem","position":1,"name":"Portada","item":"https:\/\/casaagustininstrumentos.com\/"},{"@type":"ListItem","position":2,"name":"Tienda","item":"https:\/\/casaagustininstrumentos.com\/index.php\/tienda\/"},{"@type":"ListItem","position":3,"name":"ACUSTIC GLOBAL &#8211; Panel Fono absorventes"}]},{"@type":"WebSite","@id":"https:\/\/casaagustininstrumentos.com\/#website","url":"https:\/\/casaagustininstrumentos.com\/","name":"Casa Agustin Instrumentos Musicales","description":"Intrumentos musicales, accesorios y audio.","publisher":{"@id":"https:\/\/casaagustininstrumentos.com\/#organization"},"potentialAction":[{"@type":"SearchAction","target":{"@type":"EntryPoint","urlTemplate":"https:\/\/casaagustininstrumentos.com\/?s={search_term_string}"},"query-input":{"@type":"PropertyValueSpecification","valueRequired":true,"valueName":"search_term_string"}}],"inLanguage":"es"},{"@type":"Organization","@id":"https:\/\/casaagustininstrumentos.com\/#organization","name":"Casa Agustin Instrumentos Musicales","url":"https:\/\/casaagustininstrumentos.com\/","logo":{"@type":"ImageObject","inLanguage":"es","@id":"https:\/\/casaagustininstrumentos.com\/#\/schema\/logo\/image\/","url":"https:\/\/casaagustininstrumentos.com\/wp-content\/uploads\/2023\/07\/Casa-Agustin-Instrumentos-mus.png","contentUrl":"https:\/\/casaagustininstrumentos.com\/wp-content\/uploads\/2023\/07\/Casa-Agustin-Instrumentos-mus.png","width":700,"height":270,"caption":"Casa Agustin Instrumentos Musicales"},"image":{"@id":"https:\/\/casaagustininstrumentos.com\/#\/schema\/logo\/image\/"}}]}},"brands":[],"_links":{"self":[{"href":"https:\/\/casaagustininstrumentos.com\/index.php\/wp-json\/wp\/v2\/product\/1847","targetHints":{"allow":["GET"]}}],"collection":[{"href":"https:\/\/casaagustininstrumentos.com\/index.php\/wp-json\/wp\/v2\/product"}],"about":[{"href":"https:\/\/casaagustininstrumentos.com\/index.php\/wp-json\/wp\/v2\/types\/product"}],"replies":[{"embeddable":true,"href":"https:\/\/casaagustininstrumentos.com\/index.php\/wp-json\/wp\/v2\/comments?post=1847"}],"wp:featuredmedia":[{"embeddable":true,"href":"https:\/\/casaagustininstrumentos.com\/index.php\/wp-json\/wp\/v2\/media\/1848"}],"wp:attachment":[{"href":"https:\/\/casaagustininstrumentos.com\/index.php\/wp-json\/wp\/v2\/media?parent=1847"}],"wp:term":[{"taxonomy":"pwb-brand","embeddable":true,"href":"https:\/\/casaagustininstrumentos.com\/index.php\/wp-json\/wp\/v2\/pwb-brand?post=1847"},{"taxonomy":"product_brand","embeddable":true,"href":"https:\/\/casaagustininstrumentos.com\/index.php\/wp-json\/wp\/v2\/product_brand?post=1847"},{"taxonomy":"product_cat","embeddable":true,"href":"https:\/\/casaagustininstrumentos.com\/index.php\/wp-json\/wp\/v2\/product_cat?post=1847"},{"taxonomy":"product_tag","embeddable":true,"href":"https:\/\/casaagustininstrumentos.com\/index.php\/wp-json\/wp\/v2\/product_tag?post=1847"}],"curies":[{"name":"wp","href":"https:\/\/api.w.org\/{rel}","templated":true}]}}