{"id":1692,"date":"2024-01-10T17:33:02","date_gmt":"2024-01-10T17:33:02","guid":{"rendered":"https:\/\/casaagustininstrumentos.com\/?post_type=product&#038;p=1692"},"modified":"2026-03-05T19:59:03","modified_gmt":"2026-03-05T19:59:03","slug":"musedo-capodastro-mc5folk","status":"publish","type":"product","link":"https:\/\/casaagustininstrumentos.com\/index.php\/producto\/musedo-capodastro-mc5folk\/","title":{"rendered":"MUSEDO &#8211; Capo el\u00e9ctrica-ac\u00fastica &#8211; MC5FOLK"},"content":{"rendered":"<div class=\"col-md-12 pull-left pl-0\">\n<p><em>Descripci\u00f3n:<\/em><\/p>\n<p><em><strong>Marca:<\/strong>\u00a0Musedo<\/em><\/p>\n<\/div>\n<div class=\"col-md-12 pl-0\">\n<p class=\"my-0\"><em><strong>Tipo de capo:<\/strong>\u00a0Pinza<\/em><\/p>\n<p class=\"my-0\"><em><strong>Condici\u00f3n del \u00edtem:<\/strong>\u00a0Nuevo<\/em><\/p>\n<p class=\"my-0\"><em><strong>Material:<\/strong>\u00a0Metal<\/em><\/p>\n<p class=\"my-0\"><em><strong>Modelo:<\/strong>\u00a0MC6<\/em><\/p>\n<p class=\"my-0\"><em><strong>Instrumentos recomendados:<\/strong> Guitarra El\u00e9ctrica-Ac\u00fastica<\/em><\/p>\n<p class=\"my-0\"><em><strong>Con almohadilla de silicona:<\/strong>\u00a0S\u00ed<\/em><\/p>\n<\/div>\n","protected":false},"excerpt":{"rendered":"<p>Descripci\u00f3n: Marca:\u00a0Musedo Tipo de capo:\u00a0Pinza Condici\u00f3n del \u00edtem:\u00a0Nuevo Material:\u00a0Metal Modelo:\u00a0MC6 Instrumentos recomendados: Guitarra El\u00e9ctrica-Ac\u00fastica Con almohadilla de silicona:\u00a0S\u00ed<\/p>\n","protected":false},"featured_media":4047,"comment_status":"open","ping_status":"closed","template":"","meta":{"site-sidebar-layout":"default","site-content-layout":"default","ast-site-content-layout":"default","site-content-style":"default","site-sidebar-style":"default","ast-global-header-display":"","ast-banner-title-visibility":"","ast-main-header-display":"","ast-hfb-above-header-display":"","ast-hfb-below-header-display":"","ast-hfb-mobile-header-display":"","site-post-title":"","ast-breadcrumbs-content":"","ast-featured-img":"","footer-sml-layout":"","ast-disable-related-posts":"","theme-transparent-header-meta":"default","adv-header-id-meta":"","stick-header-meta":"","header-above-stick-meta":"","header-main-stick-meta":"","header-below-stick-meta":"","astra-migrate-meta-layouts":"set","ast-page-background-enabled":"default","ast-page-background-meta":{"desktop":{"background-color":"var(--ast-global-color-4)","background-image":"","background-repeat":"repeat","background-position":"center center","background-size":"auto","background-attachment":"scroll","background-type":"","background-media":"","overlay-type":"","overlay-color":"","overlay-opacity":"","overlay-gradient":""},"tablet":{"background-color":"","background-image":"","background-repeat":"repeat","background-position":"center center","background-size":"auto","background-attachment":"scroll","background-type":"","background-media":"","overlay-type":"","overlay-color":"","overlay-opacity":"","overlay-gradient":""},"mobile":{"background-color":"","background-image":"","background-repeat":"repeat","background-position":"center center","background-size":"auto","background-attachment":"scroll","background-type":"","background-media":"","overlay-type":"","overlay-color":"","overlay-opacity":"","overlay-gradient":""}},"ast-content-background-meta":{"desktop":{"background-color":"var(--ast-global-color-5)","background-image":"","background-repeat":"repeat","background-position":"center center","background-size":"auto","background-attachment":"scroll","background-type":"","background-media":"","overlay-type":"","overlay-color":"","overlay-opacity":"","overlay-gradient":""},"tablet":{"background-color":"var(--ast-global-color-5)","background-image":"","background-repeat":"repeat","background-position":"center center","background-size":"auto","background-attachment":"scroll","background-type":"","background-media":"","overlay-type":"","overlay-color":"","overlay-opacity":"","overlay-gradient":""},"mobile":{"background-color":"var(--ast-global-color-5)","background-image":"","background-repeat":"repeat","background-position":"center center","background-size":"auto","background-attachment":"scroll","background-type":"","background-media":"","overlay-type":"","overlay-color":"","overlay-opacity":"","overlay-gradient":""}},"_joinchat":[]},"pwb-brand":[185],"product_brand":[],"product_cat":[212],"product_tag":[],"class_list":{"0":"post-1692","1":"product","2":"type-product","3":"status-publish","4":"has-post-thumbnail","6":"pwb-brand-musedo","7":"product_cat-accesorios-para-guitarra","8":"desktop-align-left","9":"tablet-align-left","10":"mobile-align-left","12":"first","13":"instock","14":"taxable","15":"shipping-taxable","16":"purchasable","17":"product-type-simple"},"yoast_head":"<!-- This site is optimized with the Yoast SEO plugin v27.3 - https:\/\/yoast.com\/product\/yoast-seo-wordpress\/ -->\n<title>MUSEDO - Capo el\u00e9ctrica-ac\u00fastica - MC5FOLK - Casa Agustin Instrumentos Musicales<\/title>\n<meta name=\"robots\" content=\"index, follow, max-snippet:-1, max-image-preview:large, max-video-preview:-1\" \/>\n<link rel=\"canonical\" href=\"https:\/\/casaagustininstrumentos.com\/index.php\/producto\/musedo-capodastro-mc5folk\/\" \/>\n<meta property=\"og:locale\" content=\"es_ES\" \/>\n<meta property=\"og:type\" content=\"article\" \/>\n<meta property=\"og:title\" content=\"MUSEDO - Capo el\u00e9ctrica-ac\u00fastica - MC5FOLK - Casa Agustin Instrumentos Musicales\" \/>\n<meta property=\"og:description\" content=\"Descripci\u00f3n: Marca:\u00a0Musedo Tipo de capo:\u00a0Pinza Condici\u00f3n del \u00edtem:\u00a0Nuevo Material:\u00a0Metal Modelo:\u00a0MC6 Instrumentos recomendados: Guitarra El\u00e9ctrica-Ac\u00fastica Con almohadilla de silicona:\u00a0S\u00ed\" \/>\n<meta property=\"og:url\" content=\"https:\/\/casaagustininstrumentos.com\/index.php\/producto\/musedo-capodastro-mc5folk\/\" \/>\n<meta property=\"og:site_name\" content=\"Casa Agustin Instrumentos Musicales\" \/>\n<meta property=\"article:modified_time\" content=\"2026-03-05T19:59:03+00:00\" \/>\n<meta property=\"og:image\" content=\"https:\/\/casaagustininstrumentos.com\/wp-content\/uploads\/2024\/01\/932250-MLA49088157430_022022-F.jpg\" \/>\n\t<meta property=\"og:image:width\" content=\"600\" \/>\n\t<meta property=\"og:image:height\" content=\"600\" \/>\n\t<meta property=\"og:image:type\" content=\"image\/jpeg\" \/>\n<meta name=\"twitter:card\" content=\"summary_large_image\" \/>\n<meta name=\"twitter:label1\" content=\"Tiempo de lectura\" \/>\n\t<meta name=\"twitter:data1\" content=\"1 minuto\" \/>\n<script type=\"application\/ld+json\" class=\"yoast-schema-graph\">{\"@context\":\"https:\\\/\\\/schema.org\",\"@graph\":[{\"@type\":\"WebPage\",\"@id\":\"https:\\\/\\\/casaagustininstrumentos.com\\\/index.php\\\/producto\\\/musedo-capodastro-mc5folk\\\/\",\"url\":\"https:\\\/\\\/casaagustininstrumentos.com\\\/index.php\\\/producto\\\/musedo-capodastro-mc5folk\\\/\",\"name\":\"MUSEDO - Capo el\u00e9ctrica-ac\u00fastica - MC5FOLK - Casa Agustin Instrumentos Musicales\",\"isPartOf\":{\"@id\":\"https:\\\/\\\/casaagustininstrumentos.com\\\/#website\"},\"primaryImageOfPage\":{\"@id\":\"https:\\\/\\\/casaagustininstrumentos.com\\\/index.php\\\/producto\\\/musedo-capodastro-mc5folk\\\/#primaryimage\"},\"image\":{\"@id\":\"https:\\\/\\\/casaagustininstrumentos.com\\\/index.php\\\/producto\\\/musedo-capodastro-mc5folk\\\/#primaryimage\"},\"thumbnailUrl\":\"https:\\\/\\\/casaagustininstrumentos.com\\\/wp-content\\\/uploads\\\/2024\\\/01\\\/932250-MLA49088157430_022022-F.jpg\",\"datePublished\":\"2024-01-10T17:33:02+00:00\",\"dateModified\":\"2026-03-05T19:59:03+00:00\",\"breadcrumb\":{\"@id\":\"https:\\\/\\\/casaagustininstrumentos.com\\\/index.php\\\/producto\\\/musedo-capodastro-mc5folk\\\/#breadcrumb\"},\"inLanguage\":\"es\",\"potentialAction\":[{\"@type\":\"ReadAction\",\"target\":[\"https:\\\/\\\/casaagustininstrumentos.com\\\/index.php\\\/producto\\\/musedo-capodastro-mc5folk\\\/\"]}]},{\"@type\":\"ImageObject\",\"inLanguage\":\"es\",\"@id\":\"https:\\\/\\\/casaagustininstrumentos.com\\\/index.php\\\/producto\\\/musedo-capodastro-mc5folk\\\/#primaryimage\",\"url\":\"https:\\\/\\\/casaagustininstrumentos.com\\\/wp-content\\\/uploads\\\/2024\\\/01\\\/932250-MLA49088157430_022022-F.jpg\",\"contentUrl\":\"https:\\\/\\\/casaagustininstrumentos.com\\\/wp-content\\\/uploads\\\/2024\\\/01\\\/932250-MLA49088157430_022022-F.jpg\",\"width\":600,\"height\":600},{\"@type\":\"BreadcrumbList\",\"@id\":\"https:\\\/\\\/casaagustininstrumentos.com\\\/index.php\\\/producto\\\/musedo-capodastro-mc5folk\\\/#breadcrumb\",\"itemListElement\":[{\"@type\":\"ListItem\",\"position\":1,\"name\":\"Portada\",\"item\":\"https:\\\/\\\/casaagustininstrumentos.com\\\/\"},{\"@type\":\"ListItem\",\"position\":2,\"name\":\"Tienda\",\"item\":\"https:\\\/\\\/casaagustininstrumentos.com\\\/index.php\\\/tienda\\\/\"},{\"@type\":\"ListItem\",\"position\":3,\"name\":\"MUSEDO &#8211; Capo el\u00e9ctrica-ac\u00fastica &#8211; MC5FOLK\"}]},{\"@type\":\"WebSite\",\"@id\":\"https:\\\/\\\/casaagustininstrumentos.com\\\/#website\",\"url\":\"https:\\\/\\\/casaagustininstrumentos.com\\\/\",\"name\":\"Casa Agustin Instrumentos Musicales\",\"description\":\"Intrumentos musicales, accesorios y audio.\",\"publisher\":{\"@id\":\"https:\\\/\\\/casaagustininstrumentos.com\\\/#organization\"},\"potentialAction\":[{\"@type\":\"SearchAction\",\"target\":{\"@type\":\"EntryPoint\",\"urlTemplate\":\"https:\\\/\\\/casaagustininstrumentos.com\\\/?s={search_term_string}\"},\"query-input\":{\"@type\":\"PropertyValueSpecification\",\"valueRequired\":true,\"valueName\":\"search_term_string\"}}],\"inLanguage\":\"es\"},{\"@type\":\"Organization\",\"@id\":\"https:\\\/\\\/casaagustininstrumentos.com\\\/#organization\",\"name\":\"Casa Agustin Instrumentos Musicales\",\"url\":\"https:\\\/\\\/casaagustininstrumentos.com\\\/\",\"logo\":{\"@type\":\"ImageObject\",\"inLanguage\":\"es\",\"@id\":\"https:\\\/\\\/casaagustininstrumentos.com\\\/#\\\/schema\\\/logo\\\/image\\\/\",\"url\":\"https:\\\/\\\/casaagustininstrumentos.com\\\/wp-content\\\/uploads\\\/2023\\\/07\\\/Casa-Agustin-Instrumentos-mus.png\",\"contentUrl\":\"https:\\\/\\\/casaagustininstrumentos.com\\\/wp-content\\\/uploads\\\/2023\\\/07\\\/Casa-Agustin-Instrumentos-mus.png\",\"width\":700,\"height\":270,\"caption\":\"Casa Agustin Instrumentos Musicales\"},\"image\":{\"@id\":\"https:\\\/\\\/casaagustininstrumentos.com\\\/#\\\/schema\\\/logo\\\/image\\\/\"}}]}<\/script>\n<!-- \/ Yoast SEO plugin. -->","yoast_head_json":{"title":"MUSEDO - Capo el\u00e9ctrica-ac\u00fastica - MC5FOLK - Casa Agustin Instrumentos Musicales","robots":{"index":"index","follow":"follow","max-snippet":"max-snippet:-1","max-image-preview":"max-image-preview:large","max-video-preview":"max-video-preview:-1"},"canonical":"https:\/\/casaagustininstrumentos.com\/index.php\/producto\/musedo-capodastro-mc5folk\/","og_locale":"es_ES","og_type":"article","og_title":"MUSEDO - Capo el\u00e9ctrica-ac\u00fastica - MC5FOLK - Casa Agustin Instrumentos Musicales","og_description":"Descripci\u00f3n: Marca:\u00a0Musedo Tipo de capo:\u00a0Pinza Condici\u00f3n del \u00edtem:\u00a0Nuevo Material:\u00a0Metal Modelo:\u00a0MC6 Instrumentos recomendados: Guitarra El\u00e9ctrica-Ac\u00fastica Con almohadilla de silicona:\u00a0S\u00ed","og_url":"https:\/\/casaagustininstrumentos.com\/index.php\/producto\/musedo-capodastro-mc5folk\/","og_site_name":"Casa Agustin Instrumentos Musicales","article_modified_time":"2026-03-05T19:59:03+00:00","og_image":[{"width":600,"height":600,"url":"https:\/\/casaagustininstrumentos.com\/wp-content\/uploads\/2024\/01\/932250-MLA49088157430_022022-F.jpg","type":"image\/jpeg"}],"twitter_card":"summary_large_image","twitter_misc":{"Tiempo de lectura":"1 minuto"},"schema":{"@context":"https:\/\/schema.org","@graph":[{"@type":"WebPage","@id":"https:\/\/casaagustininstrumentos.com\/index.php\/producto\/musedo-capodastro-mc5folk\/","url":"https:\/\/casaagustininstrumentos.com\/index.php\/producto\/musedo-capodastro-mc5folk\/","name":"MUSEDO - Capo el\u00e9ctrica-ac\u00fastica - MC5FOLK - Casa Agustin Instrumentos Musicales","isPartOf":{"@id":"https:\/\/casaagustininstrumentos.com\/#website"},"primaryImageOfPage":{"@id":"https:\/\/casaagustininstrumentos.com\/index.php\/producto\/musedo-capodastro-mc5folk\/#primaryimage"},"image":{"@id":"https:\/\/casaagustininstrumentos.com\/index.php\/producto\/musedo-capodastro-mc5folk\/#primaryimage"},"thumbnailUrl":"https:\/\/casaagustininstrumentos.com\/wp-content\/uploads\/2024\/01\/932250-MLA49088157430_022022-F.jpg","datePublished":"2024-01-10T17:33:02+00:00","dateModified":"2026-03-05T19:59:03+00:00","breadcrumb":{"@id":"https:\/\/casaagustininstrumentos.com\/index.php\/producto\/musedo-capodastro-mc5folk\/#breadcrumb"},"inLanguage":"es","potentialAction":[{"@type":"ReadAction","target":["https:\/\/casaagustininstrumentos.com\/index.php\/producto\/musedo-capodastro-mc5folk\/"]}]},{"@type":"ImageObject","inLanguage":"es","@id":"https:\/\/casaagustininstrumentos.com\/index.php\/producto\/musedo-capodastro-mc5folk\/#primaryimage","url":"https:\/\/casaagustininstrumentos.com\/wp-content\/uploads\/2024\/01\/932250-MLA49088157430_022022-F.jpg","contentUrl":"https:\/\/casaagustininstrumentos.com\/wp-content\/uploads\/2024\/01\/932250-MLA49088157430_022022-F.jpg","width":600,"height":600},{"@type":"BreadcrumbList","@id":"https:\/\/casaagustininstrumentos.com\/index.php\/producto\/musedo-capodastro-mc5folk\/#breadcrumb","itemListElement":[{"@type":"ListItem","position":1,"name":"Portada","item":"https:\/\/casaagustininstrumentos.com\/"},{"@type":"ListItem","position":2,"name":"Tienda","item":"https:\/\/casaagustininstrumentos.com\/index.php\/tienda\/"},{"@type":"ListItem","position":3,"name":"MUSEDO &#8211; Capo el\u00e9ctrica-ac\u00fastica &#8211; MC5FOLK"}]},{"@type":"WebSite","@id":"https:\/\/casaagustininstrumentos.com\/#website","url":"https:\/\/casaagustininstrumentos.com\/","name":"Casa Agustin Instrumentos Musicales","description":"Intrumentos musicales, accesorios y audio.","publisher":{"@id":"https:\/\/casaagustininstrumentos.com\/#organization"},"potentialAction":[{"@type":"SearchAction","target":{"@type":"EntryPoint","urlTemplate":"https:\/\/casaagustininstrumentos.com\/?s={search_term_string}"},"query-input":{"@type":"PropertyValueSpecification","valueRequired":true,"valueName":"search_term_string"}}],"inLanguage":"es"},{"@type":"Organization","@id":"https:\/\/casaagustininstrumentos.com\/#organization","name":"Casa Agustin Instrumentos Musicales","url":"https:\/\/casaagustininstrumentos.com\/","logo":{"@type":"ImageObject","inLanguage":"es","@id":"https:\/\/casaagustininstrumentos.com\/#\/schema\/logo\/image\/","url":"https:\/\/casaagustininstrumentos.com\/wp-content\/uploads\/2023\/07\/Casa-Agustin-Instrumentos-mus.png","contentUrl":"https:\/\/casaagustininstrumentos.com\/wp-content\/uploads\/2023\/07\/Casa-Agustin-Instrumentos-mus.png","width":700,"height":270,"caption":"Casa Agustin Instrumentos Musicales"},"image":{"@id":"https:\/\/casaagustininstrumentos.com\/#\/schema\/logo\/image\/"}}]}},"brands":[{"id":185,"name":"MUSEDO","slug":"musedo"}],"_links":{"self":[{"href":"https:\/\/casaagustininstrumentos.com\/index.php\/wp-json\/wp\/v2\/product\/1692","targetHints":{"allow":["GET"]}}],"collection":[{"href":"https:\/\/casaagustininstrumentos.com\/index.php\/wp-json\/wp\/v2\/product"}],"about":[{"href":"https:\/\/casaagustininstrumentos.com\/index.php\/wp-json\/wp\/v2\/types\/product"}],"replies":[{"embeddable":true,"href":"https:\/\/casaagustininstrumentos.com\/index.php\/wp-json\/wp\/v2\/comments?post=1692"}],"wp:featuredmedia":[{"embeddable":true,"href":"https:\/\/casaagustininstrumentos.com\/index.php\/wp-json\/wp\/v2\/media\/4047"}],"wp:attachment":[{"href":"https:\/\/casaagustininstrumentos.com\/index.php\/wp-json\/wp\/v2\/media?parent=1692"}],"wp:term":[{"taxonomy":"pwb-brand","embeddable":true,"href":"https:\/\/casaagustininstrumentos.com\/index.php\/wp-json\/wp\/v2\/pwb-brand?post=1692"},{"taxonomy":"product_brand","embeddable":true,"href":"https:\/\/casaagustininstrumentos.com\/index.php\/wp-json\/wp\/v2\/product_brand?post=1692"},{"taxonomy":"product_cat","embeddable":true,"href":"https:\/\/casaagustininstrumentos.com\/index.php\/wp-json\/wp\/v2\/product_cat?post=1692"},{"taxonomy":"product_tag","embeddable":true,"href":"https:\/\/casaagustininstrumentos.com\/index.php\/wp-json\/wp\/v2\/product_tag?post=1692"}],"curies":[{"name":"wp","href":"https:\/\/api.w.org\/{rel}","templated":true}]}}