{"id":1073,"date":"2023-07-22T15:03:11","date_gmt":"2023-07-22T15:03:11","guid":{"rendered":"https:\/\/casaagustininstrumentos.com\/?post_type=product&#038;p=1073"},"modified":"2026-02-26T22:38:36","modified_gmt":"2026-02-26T22:38:36","slug":"skp-microfono-inalambrico-de-mano-mini-i","status":"publish","type":"product","link":"https:\/\/casaagustininstrumentos.com\/index.php\/producto\/skp-microfono-inalambrico-de-mano-mini-i\/","title":{"rendered":"SKP &#8211; Microfono inalambrico de mano &#8211; MINI I"},"content":{"rendered":"","protected":false},"excerpt":{"rendered":"<p><em>MICROFONO INALAMBRICO UHF de MANO SIMPLE<\/em><br \/>\n<em>Frecuencia de carga<\/em><br \/>\n<em>MICROFONO INALAMBRICO UHF de MANO SIMPLE<\/em><br \/>\n<em>En la l\u00ednea MINI, SKP renueva los sistemas inal\u00e1mbricos UHF<\/em><br \/>\n<em>con tecnolog\u00eda SMT haciendo un sistema compacto<\/em><br \/>\n<em>con receptores m\u00e1s peque\u00f1os dise\u00f1ados especialmente para usarse<\/em><br \/>\n<em>convenientemente en cualquier espacio y proporcionar una<\/em><br \/>\n<em>transmisi\u00f3n segura libre de interferencias usando frecuencias m\u00e1s altas.<\/em><\/p>\n","protected":false},"featured_media":3583,"comment_status":"open","ping_status":"closed","template":"","meta":{"site-sidebar-layout":"default","site-content-layout":"default","ast-site-content-layout":"default","site-content-style":"default","site-sidebar-style":"default","ast-global-header-display":"","ast-banner-title-visibility":"","ast-main-header-display":"","ast-hfb-above-header-display":"","ast-hfb-below-header-display":"","ast-hfb-mobile-header-display":"","site-post-title":"","ast-breadcrumbs-content":"","ast-featured-img":"","footer-sml-layout":"","ast-disable-related-posts":"","theme-transparent-header-meta":"default","adv-header-id-meta":"","stick-header-meta":"","header-above-stick-meta":"","header-main-stick-meta":"","header-below-stick-meta":"","astra-migrate-meta-layouts":"set","ast-page-background-enabled":"default","ast-page-background-meta":{"desktop":{"background-color":"var(--ast-global-color-4)","background-image":"","background-repeat":"repeat","background-position":"center center","background-size":"auto","background-attachment":"scroll","background-type":"","background-media":"","overlay-type":"","overlay-color":"","overlay-opacity":"","overlay-gradient":""},"tablet":{"background-color":"","background-image":"","background-repeat":"repeat","background-position":"center center","background-size":"auto","background-attachment":"scroll","background-type":"","background-media":"","overlay-type":"","overlay-color":"","overlay-opacity":"","overlay-gradient":""},"mobile":{"background-color":"","background-image":"","background-repeat":"repeat","background-position":"center center","background-size":"auto","background-attachment":"scroll","background-type":"","background-media":"","overlay-type":"","overlay-color":"","overlay-opacity":"","overlay-gradient":""}},"ast-content-background-meta":{"desktop":{"background-color":"var(--ast-global-color-5)","background-image":"","background-repeat":"repeat","background-position":"center center","background-size":"auto","background-attachment":"scroll","background-type":"","background-media":"","overlay-type":"","overlay-color":"","overlay-opacity":"","overlay-gradient":""},"tablet":{"background-color":"var(--ast-global-color-5)","background-image":"","background-repeat":"repeat","background-position":"center center","background-size":"auto","background-attachment":"scroll","background-type":"","background-media":"","overlay-type":"","overlay-color":"","overlay-opacity":"","overlay-gradient":""},"mobile":{"background-color":"var(--ast-global-color-5)","background-image":"","background-repeat":"repeat","background-position":"center center","background-size":"auto","background-attachment":"scroll","background-type":"","background-media":"","overlay-type":"","overlay-color":"","overlay-opacity":"","overlay-gradient":""}},"_joinchat":[]},"pwb-brand":[118],"product_brand":[],"product_cat":[36],"product_tag":[],"class_list":{"0":"post-1073","1":"product","2":"type-product","3":"status-publish","4":"has-post-thumbnail","6":"pwb-brand-skp","7":"product_cat-microfonos-inalambricos","8":"desktop-align-left","9":"tablet-align-left","10":"mobile-align-left","12":"first","13":"instock","14":"taxable","15":"shipping-taxable","16":"purchasable","17":"product-type-simple"},"yoast_head":"<!-- This site is optimized with the Yoast SEO plugin v27.5 - https:\/\/yoast.com\/product\/yoast-seo-wordpress\/ -->\n<title>SKP - Microfono inalambrico de mano - MINI I - Casa Agustin Instrumentos Musicales<\/title>\n<meta name=\"robots\" content=\"index, follow, max-snippet:-1, max-image-preview:large, max-video-preview:-1\" \/>\n<link rel=\"canonical\" href=\"https:\/\/casaagustininstrumentos.com\/index.php\/producto\/skp-microfono-inalambrico-de-mano-mini-i\/\" \/>\n<meta property=\"og:locale\" content=\"es_ES\" \/>\n<meta property=\"og:type\" content=\"article\" \/>\n<meta property=\"og:title\" content=\"SKP - Microfono inalambrico de mano - MINI I - Casa Agustin Instrumentos Musicales\" \/>\n<meta property=\"og:description\" content=\"MICROFONO INALAMBRICO UHF de MANO SIMPLE Frecuencia de carga MICROFONO INALAMBRICO UHF de MANO SIMPLE En la l\u00ednea MINI, SKP renueva los sistemas inal\u00e1mbricos UHF con tecnolog\u00eda SMT haciendo un sistema compacto con receptores m\u00e1s peque\u00f1os dise\u00f1ados especialmente para usarse convenientemente en cualquier espacio y proporcionar una transmisi\u00f3n segura libre de interferencias usando frecuencias m\u00e1s altas.\" \/>\n<meta property=\"og:url\" content=\"https:\/\/casaagustininstrumentos.com\/index.php\/producto\/skp-microfono-inalambrico-de-mano-mini-i\/\" \/>\n<meta property=\"og:site_name\" content=\"Casa Agustin Instrumentos Musicales\" \/>\n<meta property=\"article:modified_time\" content=\"2026-02-26T22:38:36+00:00\" \/>\n<meta property=\"og:image\" content=\"https:\/\/casaagustininstrumentos.com\/wp-content\/uploads\/2023\/07\/mini-1.jpg\" \/>\n\t<meta property=\"og:image:width\" content=\"600\" \/>\n\t<meta property=\"og:image:height\" content=\"600\" \/>\n\t<meta property=\"og:image:type\" content=\"image\/jpeg\" \/>\n<meta name=\"twitter:card\" content=\"summary_large_image\" \/>\n<meta name=\"twitter:label1\" content=\"Tiempo de lectura\" \/>\n\t<meta name=\"twitter:data1\" content=\"2 minutos\" \/>\n<script type=\"application\/ld+json\" class=\"yoast-schema-graph\">{\"@context\":\"https:\\\/\\\/schema.org\",\"@graph\":[{\"@type\":\"WebPage\",\"@id\":\"https:\\\/\\\/casaagustininstrumentos.com\\\/index.php\\\/producto\\\/skp-microfono-inalambrico-de-mano-mini-i\\\/\",\"url\":\"https:\\\/\\\/casaagustininstrumentos.com\\\/index.php\\\/producto\\\/skp-microfono-inalambrico-de-mano-mini-i\\\/\",\"name\":\"SKP - Microfono inalambrico de mano - MINI I - Casa Agustin Instrumentos Musicales\",\"isPartOf\":{\"@id\":\"https:\\\/\\\/casaagustininstrumentos.com\\\/#website\"},\"primaryImageOfPage\":{\"@id\":\"https:\\\/\\\/casaagustininstrumentos.com\\\/index.php\\\/producto\\\/skp-microfono-inalambrico-de-mano-mini-i\\\/#primaryimage\"},\"image\":{\"@id\":\"https:\\\/\\\/casaagustininstrumentos.com\\\/index.php\\\/producto\\\/skp-microfono-inalambrico-de-mano-mini-i\\\/#primaryimage\"},\"thumbnailUrl\":\"https:\\\/\\\/casaagustininstrumentos.com\\\/wp-content\\\/uploads\\\/2023\\\/07\\\/mini-1.jpg\",\"datePublished\":\"2023-07-22T15:03:11+00:00\",\"dateModified\":\"2026-02-26T22:38:36+00:00\",\"breadcrumb\":{\"@id\":\"https:\\\/\\\/casaagustininstrumentos.com\\\/index.php\\\/producto\\\/skp-microfono-inalambrico-de-mano-mini-i\\\/#breadcrumb\"},\"inLanguage\":\"es\",\"potentialAction\":[{\"@type\":\"ReadAction\",\"target\":[\"https:\\\/\\\/casaagustininstrumentos.com\\\/index.php\\\/producto\\\/skp-microfono-inalambrico-de-mano-mini-i\\\/\"]}]},{\"@type\":\"ImageObject\",\"inLanguage\":\"es\",\"@id\":\"https:\\\/\\\/casaagustininstrumentos.com\\\/index.php\\\/producto\\\/skp-microfono-inalambrico-de-mano-mini-i\\\/#primaryimage\",\"url\":\"https:\\\/\\\/casaagustininstrumentos.com\\\/wp-content\\\/uploads\\\/2023\\\/07\\\/mini-1.jpg\",\"contentUrl\":\"https:\\\/\\\/casaagustininstrumentos.com\\\/wp-content\\\/uploads\\\/2023\\\/07\\\/mini-1.jpg\",\"width\":600,\"height\":600},{\"@type\":\"BreadcrumbList\",\"@id\":\"https:\\\/\\\/casaagustininstrumentos.com\\\/index.php\\\/producto\\\/skp-microfono-inalambrico-de-mano-mini-i\\\/#breadcrumb\",\"itemListElement\":[{\"@type\":\"ListItem\",\"position\":1,\"name\":\"Portada\",\"item\":\"https:\\\/\\\/casaagustininstrumentos.com\\\/\"},{\"@type\":\"ListItem\",\"position\":2,\"name\":\"Tienda\",\"item\":\"https:\\\/\\\/casaagustininstrumentos.com\\\/index.php\\\/tienda\\\/\"},{\"@type\":\"ListItem\",\"position\":3,\"name\":\"SKP &#8211; Microfono inalambrico de mano &#8211; MINI I\"}]},{\"@type\":\"WebSite\",\"@id\":\"https:\\\/\\\/casaagustininstrumentos.com\\\/#website\",\"url\":\"https:\\\/\\\/casaagustininstrumentos.com\\\/\",\"name\":\"Casa Agustin Instrumentos Musicales\",\"description\":\"Intrumentos musicales, accesorios y audio.\",\"publisher\":{\"@id\":\"https:\\\/\\\/casaagustininstrumentos.com\\\/#organization\"},\"potentialAction\":[{\"@type\":\"SearchAction\",\"target\":{\"@type\":\"EntryPoint\",\"urlTemplate\":\"https:\\\/\\\/casaagustininstrumentos.com\\\/?s={search_term_string}\"},\"query-input\":{\"@type\":\"PropertyValueSpecification\",\"valueRequired\":true,\"valueName\":\"search_term_string\"}}],\"inLanguage\":\"es\"},{\"@type\":\"Organization\",\"@id\":\"https:\\\/\\\/casaagustininstrumentos.com\\\/#organization\",\"name\":\"Casa Agustin Instrumentos Musicales\",\"url\":\"https:\\\/\\\/casaagustininstrumentos.com\\\/\",\"logo\":{\"@type\":\"ImageObject\",\"inLanguage\":\"es\",\"@id\":\"https:\\\/\\\/casaagustininstrumentos.com\\\/#\\\/schema\\\/logo\\\/image\\\/\",\"url\":\"https:\\\/\\\/casaagustininstrumentos.com\\\/wp-content\\\/uploads\\\/2023\\\/07\\\/Casa-Agustin-Instrumentos-mus.png\",\"contentUrl\":\"https:\\\/\\\/casaagustininstrumentos.com\\\/wp-content\\\/uploads\\\/2023\\\/07\\\/Casa-Agustin-Instrumentos-mus.png\",\"width\":700,\"height\":270,\"caption\":\"Casa Agustin Instrumentos Musicales\"},\"image\":{\"@id\":\"https:\\\/\\\/casaagustininstrumentos.com\\\/#\\\/schema\\\/logo\\\/image\\\/\"}}]}<\/script>\n<!-- \/ Yoast SEO plugin. -->","yoast_head_json":{"title":"SKP - Microfono inalambrico de mano - MINI I - Casa Agustin Instrumentos Musicales","robots":{"index":"index","follow":"follow","max-snippet":"max-snippet:-1","max-image-preview":"max-image-preview:large","max-video-preview":"max-video-preview:-1"},"canonical":"https:\/\/casaagustininstrumentos.com\/index.php\/producto\/skp-microfono-inalambrico-de-mano-mini-i\/","og_locale":"es_ES","og_type":"article","og_title":"SKP - Microfono inalambrico de mano - MINI I - Casa Agustin Instrumentos Musicales","og_description":"MICROFONO INALAMBRICO UHF de MANO SIMPLE Frecuencia de carga MICROFONO INALAMBRICO UHF de MANO SIMPLE En la l\u00ednea MINI, SKP renueva los sistemas inal\u00e1mbricos UHF con tecnolog\u00eda SMT haciendo un sistema compacto con receptores m\u00e1s peque\u00f1os dise\u00f1ados especialmente para usarse convenientemente en cualquier espacio y proporcionar una transmisi\u00f3n segura libre de interferencias usando frecuencias m\u00e1s altas.","og_url":"https:\/\/casaagustininstrumentos.com\/index.php\/producto\/skp-microfono-inalambrico-de-mano-mini-i\/","og_site_name":"Casa Agustin Instrumentos Musicales","article_modified_time":"2026-02-26T22:38:36+00:00","og_image":[{"width":600,"height":600,"url":"https:\/\/casaagustininstrumentos.com\/wp-content\/uploads\/2023\/07\/mini-1.jpg","type":"image\/jpeg"}],"twitter_card":"summary_large_image","twitter_misc":{"Tiempo de lectura":"2 minutos"},"schema":{"@context":"https:\/\/schema.org","@graph":[{"@type":"WebPage","@id":"https:\/\/casaagustininstrumentos.com\/index.php\/producto\/skp-microfono-inalambrico-de-mano-mini-i\/","url":"https:\/\/casaagustininstrumentos.com\/index.php\/producto\/skp-microfono-inalambrico-de-mano-mini-i\/","name":"SKP - Microfono inalambrico de mano - MINI I - Casa Agustin Instrumentos Musicales","isPartOf":{"@id":"https:\/\/casaagustininstrumentos.com\/#website"},"primaryImageOfPage":{"@id":"https:\/\/casaagustininstrumentos.com\/index.php\/producto\/skp-microfono-inalambrico-de-mano-mini-i\/#primaryimage"},"image":{"@id":"https:\/\/casaagustininstrumentos.com\/index.php\/producto\/skp-microfono-inalambrico-de-mano-mini-i\/#primaryimage"},"thumbnailUrl":"https:\/\/casaagustininstrumentos.com\/wp-content\/uploads\/2023\/07\/mini-1.jpg","datePublished":"2023-07-22T15:03:11+00:00","dateModified":"2026-02-26T22:38:36+00:00","breadcrumb":{"@id":"https:\/\/casaagustininstrumentos.com\/index.php\/producto\/skp-microfono-inalambrico-de-mano-mini-i\/#breadcrumb"},"inLanguage":"es","potentialAction":[{"@type":"ReadAction","target":["https:\/\/casaagustininstrumentos.com\/index.php\/producto\/skp-microfono-inalambrico-de-mano-mini-i\/"]}]},{"@type":"ImageObject","inLanguage":"es","@id":"https:\/\/casaagustininstrumentos.com\/index.php\/producto\/skp-microfono-inalambrico-de-mano-mini-i\/#primaryimage","url":"https:\/\/casaagustininstrumentos.com\/wp-content\/uploads\/2023\/07\/mini-1.jpg","contentUrl":"https:\/\/casaagustininstrumentos.com\/wp-content\/uploads\/2023\/07\/mini-1.jpg","width":600,"height":600},{"@type":"BreadcrumbList","@id":"https:\/\/casaagustininstrumentos.com\/index.php\/producto\/skp-microfono-inalambrico-de-mano-mini-i\/#breadcrumb","itemListElement":[{"@type":"ListItem","position":1,"name":"Portada","item":"https:\/\/casaagustininstrumentos.com\/"},{"@type":"ListItem","position":2,"name":"Tienda","item":"https:\/\/casaagustininstrumentos.com\/index.php\/tienda\/"},{"@type":"ListItem","position":3,"name":"SKP &#8211; Microfono inalambrico de mano &#8211; MINI I"}]},{"@type":"WebSite","@id":"https:\/\/casaagustininstrumentos.com\/#website","url":"https:\/\/casaagustininstrumentos.com\/","name":"Casa Agustin Instrumentos Musicales","description":"Intrumentos musicales, accesorios y audio.","publisher":{"@id":"https:\/\/casaagustininstrumentos.com\/#organization"},"potentialAction":[{"@type":"SearchAction","target":{"@type":"EntryPoint","urlTemplate":"https:\/\/casaagustininstrumentos.com\/?s={search_term_string}"},"query-input":{"@type":"PropertyValueSpecification","valueRequired":true,"valueName":"search_term_string"}}],"inLanguage":"es"},{"@type":"Organization","@id":"https:\/\/casaagustininstrumentos.com\/#organization","name":"Casa Agustin Instrumentos Musicales","url":"https:\/\/casaagustininstrumentos.com\/","logo":{"@type":"ImageObject","inLanguage":"es","@id":"https:\/\/casaagustininstrumentos.com\/#\/schema\/logo\/image\/","url":"https:\/\/casaagustininstrumentos.com\/wp-content\/uploads\/2023\/07\/Casa-Agustin-Instrumentos-mus.png","contentUrl":"https:\/\/casaagustininstrumentos.com\/wp-content\/uploads\/2023\/07\/Casa-Agustin-Instrumentos-mus.png","width":700,"height":270,"caption":"Casa Agustin Instrumentos Musicales"},"image":{"@id":"https:\/\/casaagustininstrumentos.com\/#\/schema\/logo\/image\/"}}]}},"brands":[{"id":118,"name":"SKP","slug":"skp"}],"_links":{"self":[{"href":"https:\/\/casaagustininstrumentos.com\/index.php\/wp-json\/wp\/v2\/product\/1073","targetHints":{"allow":["GET"]}}],"collection":[{"href":"https:\/\/casaagustininstrumentos.com\/index.php\/wp-json\/wp\/v2\/product"}],"about":[{"href":"https:\/\/casaagustininstrumentos.com\/index.php\/wp-json\/wp\/v2\/types\/product"}],"replies":[{"embeddable":true,"href":"https:\/\/casaagustininstrumentos.com\/index.php\/wp-json\/wp\/v2\/comments?post=1073"}],"wp:featuredmedia":[{"embeddable":true,"href":"https:\/\/casaagustininstrumentos.com\/index.php\/wp-json\/wp\/v2\/media\/3583"}],"wp:attachment":[{"href":"https:\/\/casaagustininstrumentos.com\/index.php\/wp-json\/wp\/v2\/media?parent=1073"}],"wp:term":[{"taxonomy":"pwb-brand","embeddable":true,"href":"https:\/\/casaagustininstrumentos.com\/index.php\/wp-json\/wp\/v2\/pwb-brand?post=1073"},{"taxonomy":"product_brand","embeddable":true,"href":"https:\/\/casaagustininstrumentos.com\/index.php\/wp-json\/wp\/v2\/product_brand?post=1073"},{"taxonomy":"product_cat","embeddable":true,"href":"https:\/\/casaagustininstrumentos.com\/index.php\/wp-json\/wp\/v2\/product_cat?post=1073"},{"taxonomy":"product_tag","embeddable":true,"href":"https:\/\/casaagustininstrumentos.com\/index.php\/wp-json\/wp\/v2\/product_tag?post=1073"}],"curies":[{"name":"wp","href":"https:\/\/api.w.org\/{rel}","templated":true}]}}