{"id":1068,"date":"2023-07-22T14:35:48","date_gmt":"2023-07-22T14:35:48","guid":{"rendered":"https:\/\/casaagustininstrumentos.com\/?post_type=product&#038;p=1068"},"modified":"2026-01-24T13:28:09","modified_gmt":"2026-01-24T13:28:09","slug":"novik-microfono-cuello-de-ganzo-condenser-fnk-10","status":"publish","type":"product","link":"https:\/\/casaagustininstrumentos.com\/index.php\/producto\/novik-microfono-cuello-de-ganzo-condenser-fnk-10\/","title":{"rendered":"NOVIK &#8211; Microfono cuello de ganzo Condenser &#8211; FNK-"},"content":{"rendered":"","protected":false},"excerpt":{"rendered":"<p><em>El FNK 10 es un micr\u00f3fono cuello de ganso de condensador de calidad profesional dise\u00f1ado exclusivamente por Novik Neo principalmente para la captura de discursos y refuerzo de la palabra en centros de convenciones, disertantes, iglesias y muchos m\u00e1s.<\/em><\/p>\n<p><em>Posee secci\u00f3n de cuello de ganso cerca de la base del micr\u00f3fono que permite orientar f\u00e1cilmente y hablar con seguridad hacia la fuente.<\/em><\/p>\n<p><em>Micr\u00f3fono con conector XLR que puede funcionar tanto con alimentaci\u00f3n fantasma o con dos bater\u00edas AA. Su aro de LED se enciende cuando est\u00e1 listo para usar.<\/em><\/p>\n<p><em>Dise\u00f1o aerodin\u00e1mico para una integraci\u00f3n perfecta, el dise\u00f1o de cuello de ganso ultra delgado es menos obstructivo que la instalaci\u00f3n tradicional de un micr\u00f3fono.<\/em><\/p>\n<p><em>Incluye pantalla anti viento para evitar el ruido no deseado.<\/em><\/p>\n","protected":false},"featured_media":1069,"comment_status":"open","ping_status":"closed","template":"","meta":{"site-sidebar-layout":"default","site-content-layout":"default","ast-site-content-layout":"default","site-content-style":"default","site-sidebar-style":"default","ast-global-header-display":"","ast-banner-title-visibility":"","ast-main-header-display":"","ast-hfb-above-header-display":"","ast-hfb-below-header-display":"","ast-hfb-mobile-header-display":"","site-post-title":"","ast-breadcrumbs-content":"","ast-featured-img":"","footer-sml-layout":"","ast-disable-related-posts":"","theme-transparent-header-meta":"default","adv-header-id-meta":"","stick-header-meta":"","header-above-stick-meta":"","header-main-stick-meta":"","header-below-stick-meta":"","astra-migrate-meta-layouts":"set","ast-page-background-enabled":"default","ast-page-background-meta":{"desktop":{"background-color":"var(--ast-global-color-4)","background-image":"","background-repeat":"repeat","background-position":"center center","background-size":"auto","background-attachment":"scroll","background-type":"","background-media":"","overlay-type":"","overlay-color":"","overlay-opacity":"","overlay-gradient":""},"tablet":{"background-color":"","background-image":"","background-repeat":"repeat","background-position":"center center","background-size":"auto","background-attachment":"scroll","background-type":"","background-media":"","overlay-type":"","overlay-color":"","overlay-opacity":"","overlay-gradient":""},"mobile":{"background-color":"","background-image":"","background-repeat":"repeat","background-position":"center center","background-size":"auto","background-attachment":"scroll","background-type":"","background-media":"","overlay-type":"","overlay-color":"","overlay-opacity":"","overlay-gradient":""}},"ast-content-background-meta":{"desktop":{"background-color":"var(--ast-global-color-5)","background-image":"","background-repeat":"repeat","background-position":"center center","background-size":"auto","background-attachment":"scroll","background-type":"","background-media":"","overlay-type":"","overlay-color":"","overlay-opacity":"","overlay-gradient":""},"tablet":{"background-color":"var(--ast-global-color-5)","background-image":"","background-repeat":"repeat","background-position":"center center","background-size":"auto","background-attachment":"scroll","background-type":"","background-media":"","overlay-type":"","overlay-color":"","overlay-opacity":"","overlay-gradient":""},"mobile":{"background-color":"var(--ast-global-color-5)","background-image":"","background-repeat":"repeat","background-position":"center center","background-size":"auto","background-attachment":"scroll","background-type":"","background-media":"","overlay-type":"","overlay-color":"","overlay-opacity":"","overlay-gradient":""}},"_joinchat":[]},"pwb-brand":[124],"product_brand":[],"product_cat":[35,39],"product_tag":[],"class_list":{"0":"post-1068","1":"product","2":"type-product","3":"status-publish","4":"has-post-thumbnail","6":"pwb-brand-novik","7":"product_cat-microfonos-condensar","8":"product_cat-microfonos-de-mesa","9":"desktop-align-left","10":"tablet-align-left","11":"mobile-align-left","13":"first","14":"outofstock","15":"taxable","16":"shipping-taxable","17":"purchasable","18":"product-type-simple"},"yoast_head":"<!-- This site is optimized with the Yoast SEO plugin v27.5 - https:\/\/yoast.com\/product\/yoast-seo-wordpress\/ -->\n<title>NOVIK - Microfono cuello de ganzo Condenser - FNK- Casa Agustin Instrumentos Musicales<\/title>\n<meta name=\"robots\" content=\"index, follow, max-snippet:-1, max-image-preview:large, max-video-preview:-1\" \/>\n<link rel=\"canonical\" href=\"https:\/\/casaagustininstrumentos.com\/index.php\/producto\/novik-microfono-cuello-de-ganzo-condenser-fnk-10\/\" \/>\n<meta property=\"og:locale\" content=\"es_ES\" \/>\n<meta property=\"og:type\" content=\"article\" \/>\n<meta property=\"og:title\" content=\"NOVIK - Microfono cuello de ganzo Condenser - FNK- Casa Agustin Instrumentos Musicales\" \/>\n<meta property=\"og:description\" content=\"El FNK 10 es un micr\u00f3fono cuello de ganso de condensador de calidad profesional dise\u00f1ado exclusivamente por Novik Neo principalmente para la captura de discursos y refuerzo de la palabra en centros de convenciones, disertantes, iglesias y muchos m\u00e1s.  Posee secci\u00f3n de cuello de ganso cerca de la base del micr\u00f3fono que permite orientar f\u00e1cilmente y hablar con seguridad hacia la fuente.  Micr\u00f3fono con conector XLR que puede funcionar tanto con alimentaci\u00f3n fantasma o con dos bater\u00edas AA. Su aro de LED se enciende cuando est\u00e1 listo para usar.  Dise\u00f1o aerodin\u00e1mico para una integraci\u00f3n perfecta, el dise\u00f1o de cuello de ganso ultra delgado es menos obstructivo que la instalaci\u00f3n tradicional de un micr\u00f3fono.  Incluye pantalla anti viento para evitar el ruido no deseado.\" \/>\n<meta property=\"og:url\" content=\"https:\/\/casaagustininstrumentos.com\/index.php\/producto\/novik-microfono-cuello-de-ganzo-condenser-fnk-10\/\" \/>\n<meta property=\"og:site_name\" content=\"Casa Agustin Instrumentos Musicales\" \/>\n<meta property=\"article:modified_time\" content=\"2026-01-24T13:28:09+00:00\" \/>\n<meta property=\"og:image\" content=\"https:\/\/casaagustininstrumentos.com\/wp-content\/uploads\/2023\/07\/novic-mic.jpg\" \/>\n\t<meta property=\"og:image:width\" content=\"600\" \/>\n\t<meta property=\"og:image:height\" content=\"600\" \/>\n\t<meta property=\"og:image:type\" content=\"image\/jpeg\" \/>\n<meta name=\"twitter:card\" content=\"summary_large_image\" \/>\n<meta name=\"twitter:label1\" content=\"Tiempo de lectura\" \/>\n\t<meta name=\"twitter:data1\" content=\"1 minuto\" \/>\n<script type=\"application\/ld+json\" class=\"yoast-schema-graph\">{\"@context\":\"https:\\\/\\\/schema.org\",\"@graph\":[{\"@type\":\"WebPage\",\"@id\":\"https:\\\/\\\/casaagustininstrumentos.com\\\/index.php\\\/producto\\\/novik-microfono-cuello-de-ganzo-condenser-fnk-10\\\/\",\"url\":\"https:\\\/\\\/casaagustininstrumentos.com\\\/index.php\\\/producto\\\/novik-microfono-cuello-de-ganzo-condenser-fnk-10\\\/\",\"name\":\"NOVIK - Microfono cuello de ganzo Condenser - FNK- Casa Agustin Instrumentos Musicales\",\"isPartOf\":{\"@id\":\"https:\\\/\\\/casaagustininstrumentos.com\\\/#website\"},\"primaryImageOfPage\":{\"@id\":\"https:\\\/\\\/casaagustininstrumentos.com\\\/index.php\\\/producto\\\/novik-microfono-cuello-de-ganzo-condenser-fnk-10\\\/#primaryimage\"},\"image\":{\"@id\":\"https:\\\/\\\/casaagustininstrumentos.com\\\/index.php\\\/producto\\\/novik-microfono-cuello-de-ganzo-condenser-fnk-10\\\/#primaryimage\"},\"thumbnailUrl\":\"https:\\\/\\\/casaagustininstrumentos.com\\\/wp-content\\\/uploads\\\/2023\\\/07\\\/novic-mic.jpg\",\"datePublished\":\"2023-07-22T14:35:48+00:00\",\"dateModified\":\"2026-01-24T13:28:09+00:00\",\"breadcrumb\":{\"@id\":\"https:\\\/\\\/casaagustininstrumentos.com\\\/index.php\\\/producto\\\/novik-microfono-cuello-de-ganzo-condenser-fnk-10\\\/#breadcrumb\"},\"inLanguage\":\"es\",\"potentialAction\":[{\"@type\":\"ReadAction\",\"target\":[\"https:\\\/\\\/casaagustininstrumentos.com\\\/index.php\\\/producto\\\/novik-microfono-cuello-de-ganzo-condenser-fnk-10\\\/\"]}]},{\"@type\":\"ImageObject\",\"inLanguage\":\"es\",\"@id\":\"https:\\\/\\\/casaagustininstrumentos.com\\\/index.php\\\/producto\\\/novik-microfono-cuello-de-ganzo-condenser-fnk-10\\\/#primaryimage\",\"url\":\"https:\\\/\\\/casaagustininstrumentos.com\\\/wp-content\\\/uploads\\\/2023\\\/07\\\/novic-mic.jpg\",\"contentUrl\":\"https:\\\/\\\/casaagustininstrumentos.com\\\/wp-content\\\/uploads\\\/2023\\\/07\\\/novic-mic.jpg\",\"width\":600,\"height\":600},{\"@type\":\"BreadcrumbList\",\"@id\":\"https:\\\/\\\/casaagustininstrumentos.com\\\/index.php\\\/producto\\\/novik-microfono-cuello-de-ganzo-condenser-fnk-10\\\/#breadcrumb\",\"itemListElement\":[{\"@type\":\"ListItem\",\"position\":1,\"name\":\"Portada\",\"item\":\"https:\\\/\\\/casaagustininstrumentos.com\\\/\"},{\"@type\":\"ListItem\",\"position\":2,\"name\":\"Tienda\",\"item\":\"https:\\\/\\\/casaagustininstrumentos.com\\\/index.php\\\/tienda\\\/\"},{\"@type\":\"ListItem\",\"position\":3,\"name\":\"NOVIK &#8211; Microfono cuello de ganzo Condenser &#8211; FNK-\"}]},{\"@type\":\"WebSite\",\"@id\":\"https:\\\/\\\/casaagustininstrumentos.com\\\/#website\",\"url\":\"https:\\\/\\\/casaagustininstrumentos.com\\\/\",\"name\":\"Casa Agustin Instrumentos Musicales\",\"description\":\"Intrumentos musicales, accesorios y audio.\",\"publisher\":{\"@id\":\"https:\\\/\\\/casaagustininstrumentos.com\\\/#organization\"},\"potentialAction\":[{\"@type\":\"SearchAction\",\"target\":{\"@type\":\"EntryPoint\",\"urlTemplate\":\"https:\\\/\\\/casaagustininstrumentos.com\\\/?s={search_term_string}\"},\"query-input\":{\"@type\":\"PropertyValueSpecification\",\"valueRequired\":true,\"valueName\":\"search_term_string\"}}],\"inLanguage\":\"es\"},{\"@type\":\"Organization\",\"@id\":\"https:\\\/\\\/casaagustininstrumentos.com\\\/#organization\",\"name\":\"Casa Agustin Instrumentos Musicales\",\"url\":\"https:\\\/\\\/casaagustininstrumentos.com\\\/\",\"logo\":{\"@type\":\"ImageObject\",\"inLanguage\":\"es\",\"@id\":\"https:\\\/\\\/casaagustininstrumentos.com\\\/#\\\/schema\\\/logo\\\/image\\\/\",\"url\":\"https:\\\/\\\/casaagustininstrumentos.com\\\/wp-content\\\/uploads\\\/2023\\\/07\\\/Casa-Agustin-Instrumentos-mus.png\",\"contentUrl\":\"https:\\\/\\\/casaagustininstrumentos.com\\\/wp-content\\\/uploads\\\/2023\\\/07\\\/Casa-Agustin-Instrumentos-mus.png\",\"width\":700,\"height\":270,\"caption\":\"Casa Agustin Instrumentos Musicales\"},\"image\":{\"@id\":\"https:\\\/\\\/casaagustininstrumentos.com\\\/#\\\/schema\\\/logo\\\/image\\\/\"}}]}<\/script>\n<!-- \/ Yoast SEO plugin. -->","yoast_head_json":{"title":"NOVIK - Microfono cuello de ganzo Condenser - FNK- Casa Agustin Instrumentos Musicales","robots":{"index":"index","follow":"follow","max-snippet":"max-snippet:-1","max-image-preview":"max-image-preview:large","max-video-preview":"max-video-preview:-1"},"canonical":"https:\/\/casaagustininstrumentos.com\/index.php\/producto\/novik-microfono-cuello-de-ganzo-condenser-fnk-10\/","og_locale":"es_ES","og_type":"article","og_title":"NOVIK - Microfono cuello de ganzo Condenser - FNK- Casa Agustin Instrumentos Musicales","og_description":"El FNK 10 es un micr\u00f3fono cuello de ganso de condensador de calidad profesional dise\u00f1ado exclusivamente por Novik Neo principalmente para la captura de discursos y refuerzo de la palabra en centros de convenciones, disertantes, iglesias y muchos m\u00e1s.  Posee secci\u00f3n de cuello de ganso cerca de la base del micr\u00f3fono que permite orientar f\u00e1cilmente y hablar con seguridad hacia la fuente.  Micr\u00f3fono con conector XLR que puede funcionar tanto con alimentaci\u00f3n fantasma o con dos bater\u00edas AA. Su aro de LED se enciende cuando est\u00e1 listo para usar.  Dise\u00f1o aerodin\u00e1mico para una integraci\u00f3n perfecta, el dise\u00f1o de cuello de ganso ultra delgado es menos obstructivo que la instalaci\u00f3n tradicional de un micr\u00f3fono.  Incluye pantalla anti viento para evitar el ruido no deseado.","og_url":"https:\/\/casaagustininstrumentos.com\/index.php\/producto\/novik-microfono-cuello-de-ganzo-condenser-fnk-10\/","og_site_name":"Casa Agustin Instrumentos Musicales","article_modified_time":"2026-01-24T13:28:09+00:00","og_image":[{"width":600,"height":600,"url":"https:\/\/casaagustininstrumentos.com\/wp-content\/uploads\/2023\/07\/novic-mic.jpg","type":"image\/jpeg"}],"twitter_card":"summary_large_image","twitter_misc":{"Tiempo de lectura":"1 minuto"},"schema":{"@context":"https:\/\/schema.org","@graph":[{"@type":"WebPage","@id":"https:\/\/casaagustininstrumentos.com\/index.php\/producto\/novik-microfono-cuello-de-ganzo-condenser-fnk-10\/","url":"https:\/\/casaagustininstrumentos.com\/index.php\/producto\/novik-microfono-cuello-de-ganzo-condenser-fnk-10\/","name":"NOVIK - Microfono cuello de ganzo Condenser - FNK- Casa Agustin Instrumentos Musicales","isPartOf":{"@id":"https:\/\/casaagustininstrumentos.com\/#website"},"primaryImageOfPage":{"@id":"https:\/\/casaagustininstrumentos.com\/index.php\/producto\/novik-microfono-cuello-de-ganzo-condenser-fnk-10\/#primaryimage"},"image":{"@id":"https:\/\/casaagustininstrumentos.com\/index.php\/producto\/novik-microfono-cuello-de-ganzo-condenser-fnk-10\/#primaryimage"},"thumbnailUrl":"https:\/\/casaagustininstrumentos.com\/wp-content\/uploads\/2023\/07\/novic-mic.jpg","datePublished":"2023-07-22T14:35:48+00:00","dateModified":"2026-01-24T13:28:09+00:00","breadcrumb":{"@id":"https:\/\/casaagustininstrumentos.com\/index.php\/producto\/novik-microfono-cuello-de-ganzo-condenser-fnk-10\/#breadcrumb"},"inLanguage":"es","potentialAction":[{"@type":"ReadAction","target":["https:\/\/casaagustininstrumentos.com\/index.php\/producto\/novik-microfono-cuello-de-ganzo-condenser-fnk-10\/"]}]},{"@type":"ImageObject","inLanguage":"es","@id":"https:\/\/casaagustininstrumentos.com\/index.php\/producto\/novik-microfono-cuello-de-ganzo-condenser-fnk-10\/#primaryimage","url":"https:\/\/casaagustininstrumentos.com\/wp-content\/uploads\/2023\/07\/novic-mic.jpg","contentUrl":"https:\/\/casaagustininstrumentos.com\/wp-content\/uploads\/2023\/07\/novic-mic.jpg","width":600,"height":600},{"@type":"BreadcrumbList","@id":"https:\/\/casaagustininstrumentos.com\/index.php\/producto\/novik-microfono-cuello-de-ganzo-condenser-fnk-10\/#breadcrumb","itemListElement":[{"@type":"ListItem","position":1,"name":"Portada","item":"https:\/\/casaagustininstrumentos.com\/"},{"@type":"ListItem","position":2,"name":"Tienda","item":"https:\/\/casaagustininstrumentos.com\/index.php\/tienda\/"},{"@type":"ListItem","position":3,"name":"NOVIK &#8211; Microfono cuello de ganzo Condenser &#8211; FNK-"}]},{"@type":"WebSite","@id":"https:\/\/casaagustininstrumentos.com\/#website","url":"https:\/\/casaagustininstrumentos.com\/","name":"Casa Agustin Instrumentos Musicales","description":"Intrumentos musicales, accesorios y audio.","publisher":{"@id":"https:\/\/casaagustininstrumentos.com\/#organization"},"potentialAction":[{"@type":"SearchAction","target":{"@type":"EntryPoint","urlTemplate":"https:\/\/casaagustininstrumentos.com\/?s={search_term_string}"},"query-input":{"@type":"PropertyValueSpecification","valueRequired":true,"valueName":"search_term_string"}}],"inLanguage":"es"},{"@type":"Organization","@id":"https:\/\/casaagustininstrumentos.com\/#organization","name":"Casa Agustin Instrumentos Musicales","url":"https:\/\/casaagustininstrumentos.com\/","logo":{"@type":"ImageObject","inLanguage":"es","@id":"https:\/\/casaagustininstrumentos.com\/#\/schema\/logo\/image\/","url":"https:\/\/casaagustininstrumentos.com\/wp-content\/uploads\/2023\/07\/Casa-Agustin-Instrumentos-mus.png","contentUrl":"https:\/\/casaagustininstrumentos.com\/wp-content\/uploads\/2023\/07\/Casa-Agustin-Instrumentos-mus.png","width":700,"height":270,"caption":"Casa Agustin Instrumentos Musicales"},"image":{"@id":"https:\/\/casaagustininstrumentos.com\/#\/schema\/logo\/image\/"}}]}},"brands":[{"id":124,"name":"NOVIK","slug":"novik"}],"_links":{"self":[{"href":"https:\/\/casaagustininstrumentos.com\/index.php\/wp-json\/wp\/v2\/product\/1068","targetHints":{"allow":["GET"]}}],"collection":[{"href":"https:\/\/casaagustininstrumentos.com\/index.php\/wp-json\/wp\/v2\/product"}],"about":[{"href":"https:\/\/casaagustininstrumentos.com\/index.php\/wp-json\/wp\/v2\/types\/product"}],"replies":[{"embeddable":true,"href":"https:\/\/casaagustininstrumentos.com\/index.php\/wp-json\/wp\/v2\/comments?post=1068"}],"wp:featuredmedia":[{"embeddable":true,"href":"https:\/\/casaagustininstrumentos.com\/index.php\/wp-json\/wp\/v2\/media\/1069"}],"wp:attachment":[{"href":"https:\/\/casaagustininstrumentos.com\/index.php\/wp-json\/wp\/v2\/media?parent=1068"}],"wp:term":[{"taxonomy":"pwb-brand","embeddable":true,"href":"https:\/\/casaagustininstrumentos.com\/index.php\/wp-json\/wp\/v2\/pwb-brand?post=1068"},{"taxonomy":"product_brand","embeddable":true,"href":"https:\/\/casaagustininstrumentos.com\/index.php\/wp-json\/wp\/v2\/product_brand?post=1068"},{"taxonomy":"product_cat","embeddable":true,"href":"https:\/\/casaagustininstrumentos.com\/index.php\/wp-json\/wp\/v2\/product_cat?post=1068"},{"taxonomy":"product_tag","embeddable":true,"href":"https:\/\/casaagustininstrumentos.com\/index.php\/wp-json\/wp\/v2\/product_tag?post=1068"}],"curies":[{"name":"wp","href":"https:\/\/api.w.org\/{rel}","templated":true}]}}